{"id":530,"date":"2023-12-02T18:50:34","date_gmt":"2023-12-02T18:50:34","guid":{"rendered":"https:\/\/silentdisco.fun\/privacy-policy\/"},"modified":"2023-12-24T20:29:20","modified_gmt":"2023-12-24T20:29:20","slug":"privacy-policy","status":"publish","type":"page","link":"https:\/\/silentdisco.fun\/en\/privacy-policy\/","title":{"rendered":"Privacy policy"},"content":{"rendered":"\t\t<div data-elementor-type=\"wp-page\" data-elementor-id=\"530\" class=\"elementor elementor-530 elementor-232\">\n\t\t\t\t<div class=\"elementor-element elementor-element-792070a e-flex e-con-boxed e-con e-parent\" data-id=\"792070a\" data-element_type=\"container\">\n\t\t\t\t\t<div class=\"e-con-inner\">\n\t\t\t\t<div class=\"elementor-element elementor-element-cc44a9b elementor-widget elementor-widget-text-editor\" data-id=\"cc44a9b\" data-element_type=\"widget\" data-widget_type=\"text-editor.default\">\n\t\t\t\t<div class=\"elementor-widget-container\">\n\t\t\t\t\t\t\t\t\t<p><strong>Polityka prywatno\u015bci strony internetowej www.silnetdisco.fun<\/strong><\/p>\n<p>1. POSTANOWIENIA OG\u00d3LNE<\/p>\n<p>1. Administratorem danych osobowych zbieranych za po\u015brednictwem strony internetowej www.silnetdisco.fun jest Hi-Sky Sp. z o. o. wpisana do rejestru przedsi\u0119biorc\u00f3w przez w\u0142a\u015bciwy s\u0105d pod numerem KRS: 0000964531, kapita\u0142 zak\u0142adowy: 5000, miejsce wykonywania dzia\u0142alno\u015bci: ul. Towarowa 20B 10-417 Olsztyn, adres do dor\u0119cze\u0144: ul. Towarowa 20B 10-417 Olsztyn, NIP: 7393966765 , REGON: 521719937, adres poczty elektronicznej (e-mail): hello@silentdisco.fun, zwany\/a dalej &#8220;Administratorem&#8221;.<\/p>\n<p>2. Dane osobowe zbierane przez Administratora za po\u015brednictwem strony internetowej s\u0105 przetwarzane zgodnie z Rozporz\u0105dzeniem Parlamentu Europejskiego i Rady (UE) 2016\/679 z dnia 27 kwietnia 2016 r. w sprawie ochrony os\u00f3b fizycznych w zwi\u0105zku z przetwarzaniem danych osobowych i w sprawie swobodnego przep\u0142ywu takich danych oraz uchylenia dyrektywy 95\/46\/WE (og\u00f3lne rozporz\u0105dzenie o ochronie danych), zwane dalej RODO oraz ustaw\u0105 o ochronie danych osobowych z dnia 10 maja 2018 r.<\/p>\n<p>2. RODZAJ PRZETWARZANYCH DANYCH OSOBOWYCH, CEL I ZAKRES ZBIERANIA DANYCH<\/p>\n<p>1. CEL PRZETWARZANIA I PODSTAWA PRAWNA. Administrator przetwarza dane osobowe za po\u015brednictwem strony www.silnetdisco.fun w przypadku:<\/p>\n<p>a. skorzystania przez u\u017cytkownika z formularza kontaktowego. Dane osobowe s\u0105 przetwarzane na podstawie art. 6 ust. 1 lit. f) RODO jako prawnie usprawiedliwiony interes Administratora.<\/p>\n<p>b. zapisania si\u0119 przez u\u017cytkownika do Newslettera w celu przesy\u0142ania informacji handlowych drog\u0105 elektroniczn\u0105. Dane osobowe s\u0105 przetwarzane po wyra\u017ceniu odr\u0119bnej zgody, na podstawie art. 6 ust. 1 lit. a) RODO.<\/p>\n<p>2. RODZAJ PRZETWARZANYCH DANYCH OSOBOWYCH. <\/p>\n<p>Administrator przetwarza nast\u0119puj\u0105ce kategorie danych osobowych u\u017cytkownika:<\/p>\n<p>a. Imi\u0119 i nazwisko,<\/p>\n<p>b. Adres e-mail,<\/p>\n<p>c. Numer telefonu,<\/p>\n<p>3. OKRES ARCHIWIZACJI DANYCH OSOBOWYCH. Dane osobowe u\u017cytkownik\u00f3w przechowywane s\u0105 przez Administratora:<\/p>\n<p>a. w przypadku, gdy podstaw\u0105 przetwarzania danych jest wykonanie umowy, tak d\u0142ugo, jak jest to niezb\u0119dne do wykonania umowy, a po tym czasie przez okres odpowiadaj\u0105cy okresowi przedawnienia roszcze\u0144. Je\u017celi przepis szczeg\u00f3lny nie stanowi inaczej, termin przedawnienia wynosi lat sze\u015b\u0107, a dla roszcze\u0144 o \u015bwiadczenia okresowe oraz roszcze\u0144 zwi\u0105zanych z prowadzeniem dzia\u0142alno\u015bci gospodarczej &#8211; trzy lata.<\/p>\n<p>b. w przypadku, gdy podstaw\u0105 przetwarzania danych jest zgoda, tak d\u0142ugo, a\u017c zgoda nie zostanie odwo\u0142ana, a po odwo\u0142aniu zgody przez okres czasu odpowiadaj\u0105cy okresowi przedawnienia roszcze\u0144 jakie mo\u017ce podnosi\u0107 Administrator i jakie mog\u0105 by\u0107 podnoszone wobec niego. Je\u017celi przepis szczeg\u00f3lny nie stanowi inaczej, termin przedawnienia wynosi lat sze\u015b\u0107, a dla roszcze\u0144 o \u015bwiadczenia okresowe oraz roszcze\u0144 zwi\u0105zanych z prowadzeniem dzia\u0142alno\u015bci gospodarczej &#8211; trzy lata.<\/p>\n<p>4. Podczas korzystania ze strony internetowej mog\u0105 by\u0107 pobierane dodatkowe informacje, w szczeg\u00f3lno\u015bci: adres IP przypisany do komputera u\u017cytkownika lub zewn\u0119trzny adres IP dostawcy Internetu, nazwa domeny, rodzaj przegl\u0105darki, czas dost\u0119pu, typ systemu operacyjnego.<\/p>\n<p>5. Od u\u017cytkownik\u00f3w mog\u0105 by\u0107 tak\u017ce gromadzone dane nawigacyjne, w tym informacje o linkach i odno\u015bnikach, w kt\u00f3re zdecyduj\u0105 si\u0119 klikn\u0105\u0107 lub innych czynno\u015bciach, podejmowanych na stronie internetowej. Podstaw\u0105 prawn\u0105 tego rodzaju czynno\u015bci jest prawnie uzasadniony interes Administratora (art. 6 ust. 1 lit. f RODO), polegaj\u0105cy na u\u0142atwieniu korzystania z us\u0142ug \u015bwiadczonych drog\u0105 elektroniczn\u0105 oraz na poprawie funkcjonalno\u015bci tych us\u0142ug.<\/p>\n<p>6. Podanie danych osobowych przez u\u017cytkownika jest dobrowolne.<\/p>\n<p>7. Dane osobowe b\u0119d\u0105 przetwarzane tak\u017ce w spos\u00f3b zautomatyzowany w formie profilowania, o ile u\u017cytkownik wyrazi na to zgod\u0119 na podstawie art. 6 ust. 1 lit. a) RODO. Konsekwencj\u0105 profilowania b\u0119dzie przypisanie danej osobie profilu w celu podejmowania dotycz\u0105cych jej decyzji b\u0105d\u017a analizy lub przewidywania jej preferencji, zachowa\u0144 i postaw.<\/p>\n<p>8. Administrator dok\u0142ada szczeg\u00f3lnej staranno\u015bci w celu ochrony interes\u00f3w os\u00f3b, kt\u00f3rych dane dotycz\u0105, a w szczeg\u00f3lno\u015bci zapewnia, \u017ce zbierane przez niego dane s\u0105:<\/p>\n<p>a. przetwarzane zgodnie z prawem,<\/p>\n<p>b. zbierane dla oznaczonych, zgodnych z prawem cel\u00f3w i niepoddawane dalszemu przetwarzaniu niezgodnemu z tymi celami,<\/p>\n<p>c. merytorycznie poprawne i adekwatne w stosunku do cel\u00f3w, w jakich s\u0105 przetwarzane oraz przechowywane w postaci umo\u017cliwiaj\u0105cej identyfikacj\u0119 os\u00f3b, kt\u00f3rych dotycz\u0105, nie d\u0142u\u017cej ni\u017c jest to niezb\u0119dne do osi\u0105gni\u0119cia celu przetwarzania.<\/p>\n<p>3. UDOST\u0118PNIENIE DANYCH OSOBOWYCH<\/p>\n<p>1. Dane osobowe u\u017cytkownik\u00f3w przekazywane s\u0105 dostawcom us\u0142ug, z kt\u00f3rych korzysta Administrator przy prowadzeniu strony internetowej. Dostawcy us\u0142ug, kt\u00f3rym przekazywane s\u0105 dane osobowe, w zale\u017cno\u015bci od uzgodnie\u0144 umownych i okoliczno\u015bci, albo podlegaj\u0105 poleceniom Administratora co do cel\u00f3w i sposob\u00f3w przetwarzania tych danych (podmioty przetwarzaj\u0105ce) albo samodzielnie okre\u015blaj\u0105 cele i sposoby ich przetwarzania (administratorzy).<\/p>\n<p>2. Dane osobowe u\u017cytkownik\u00f3w s\u0105 przechowywane wy\u0142\u0105cznie na terenie Europejskiego Obszaru Gospodarczego (EOG).<\/p>\n<p>4. PRAWO KONTROLI, DOST\u0118PU DO TRE\u015aCI W\u0141ASNYCH DANYCH ORAZ ICH POPRAWIANIA<\/p>\n<p>1. Osoba, kt\u00f3rej dane dotycz\u0105, ma prawo dost\u0119pu do tre\u015bci swoich danych osobowych oraz prawo ich sprostowania, usuni\u0119cia, ograniczenia przetwarzania, prawo do przenoszenia danych, prawo wniesienia sprzeciwu, prawo do cofni\u0119cia zgody w dowolnym momencie bez wp\u0142ywu na zgodno\u015b\u0107 z prawem przetwarzania, kt\u00f3rego dokonano na podstawie zgody przed jej cofni\u0119ciem.<\/p>\n<p>2. Podstawy prawne \u017c\u0105dania u\u017cytkownika:<\/p>\n<p>a. Dost\u0119p do danych \u2013 art. 15 RODO<\/p>\n<p>b. Sprostowanie danych \u2013 art. 16 RODO.<\/p>\n<p>c. Usuni\u0119cie danych (tzw. prawo do bycia zapomnianym) \u2013 art. 17 RODO.<\/p>\n<p>d. Ograniczenie przetwarzania \u2013 art. 18 RODO.<\/p>\n<p>e. Przeniesienie danych \u2013 art. 20 RODO.<\/p>\n<p>f. Sprzeciw \u2013 art. 21 RODO<\/p>\n<p>g. Cofni\u0119cie zgody \u2013 art. 7 ust. 3 RODO.<\/p>\n<p>3. W celu realizacji uprawnie\u0144, o kt\u00f3rych mowa w pkt 2 mo\u017cna wys\u0142a\u0107 stosown\u0105 wiadomo\u015b\u0107 e-mail na adres: hello@silentdisco.fun.<\/p>\n<p>4. W sytuacji wyst\u0105pienia przez u\u017cytkownika z uprawnieniem wynikaj\u0105cym z powy\u017cszych praw, Administrator spe\u0142nia \u017c\u0105danie albo odmawia jego spe\u0142nienia niezw\u0142ocznie, nie p\u00f3\u017aniej jednak ni\u017c w ci\u0105gu miesi\u0105ca po jego otrzymaniu. Je\u017celi jednak &#8211; z uwagi na skomplikowany charakter \u017c\u0105dania lub liczb\u0119 \u017c\u0105da\u0144 \u2013 Administrator nie b\u0119dzie m\u00f3g\u0142 spe\u0142ni\u0107 \u017c\u0105dania w ci\u0105gu miesi\u0105ca, spe\u0142ni je w ci\u0105gu kolejnych dw\u00f3ch miesi\u0119cy informuj\u0105c u\u017cytkownika uprzednio w terminie miesi\u0105ca od otrzymania \u017c\u0105dania &#8211; o zamierzonym przed\u0142u\u017ceniu terminu oraz jego przyczynach.<\/p>\n<p>5. W przypadku stwierdzenia, \u017ce przetwarzanie danych osobowych narusza przepisy RODO, osoba, kt\u00f3rej dane dotycz\u0105, ma prawo wnie\u015b\u0107 skarg\u0119 do Prezesa Urz\u0119du Ochrony Danych Osobowych.<\/p>\n<p>5. PLIKI &#8220;COOKIES&#8221;<\/p>\n<p>1.Strona Administratora u\u017cywa plik\u00f3w \u201ecookies\u201d.<\/p>\n<p>2. Instalacja plik\u00f3w \u201ecookies\u201d jest konieczna do prawid\u0142owego \u015bwiadczenia us\u0142ug na stronie internetowej. W plikach \u201ecookies&#8221; znajduj\u0105 si\u0119 informacje niezb\u0119dne do prawid\u0142owego funkcjonowania strony, a tak\u017ce daj\u0105 one tak\u017ce mo\u017cliwo\u015b\u0107 opracowywania og\u00f3lnych statystyk odwiedzin strony internetowej.<\/p>\n<p>3. W ramach strony stosowane s\u0105 rodzaje plik\u00f3w &#8220;cookies&#8221;:<\/p>\n<p>4. Administrator wykorzystuje w\u0142asne pliki cookies w celu lepszego poznania sposobu interakcji u\u017cytkownika w zakresie zawarto\u015bci strony. Pliki gromadz\u0105 informacje o sposobie korzystania ze strony internetowej przez u\u017cytkownika, typie strony, z jakiej u\u017cytkownik zosta\u0142 przekierowany oraz liczbie odwiedzin i czasie wizyty u\u017cytkownika na stronie internetowej. Informacje te nie rejestruj\u0105 konkretnych danych osobowych u\u017cytkownika, lecz s\u0142u\u017c\u0105 do opracowania statystyk korzystania ze strony.<\/p>\n<p>5. U\u017cytkownik ma prawo zadecydowania w zakresie dost\u0119pu plik\u00f3w \u201ecookies\u201d do swojego komputera poprzez ich uprzedni wyb\u00f3r w oknie swojej przegl\u0105darki. Szczeg\u00f3\u0142owe informacje o mo\u017cliwo\u015bci i sposobach obs\u0142ugi plik\u00f3w \u201ecookies\u201d dost\u0119pne s\u0105 w ustawieniach oprogramowania (przegl\u0105darki internetowej).<\/p>\n<p>6. POSTANOWIENIA KO\u0143COWE<\/p>\n<p>1. Administrator stosuje \u015brodki techniczne i organizacyjne zapewniaj\u0105ce ochron\u0119 przetwarzanych danych osobowych odpowiedni\u0105 do zagro\u017ce\u0144 oraz kategorii danych obj\u0119tych ochron\u0105, a w szczeg\u00f3lno\u015bci zabezpiecza dane przed ich udost\u0119pnieniem osobom nieupowa\u017cnionym, zabraniem przez osob\u0119 nieuprawnion\u0105, przetwarzaniem z naruszeniem obowi\u0105zuj\u0105cych przepis\u00f3w oraz zmian\u0105, utrat\u0105, uszkodzeniem lub zniszczeniem.<\/p>\n<p>2. Administrator udost\u0119pnia odpowiednie \u015brodki techniczne zapobiegaj\u0105ce pozyskiwaniu i modyfikowaniu przez osoby nieuprawnione, danych osobowych przesy\u0142anych drog\u0105 elektroniczn\u0105.<\/p>\n<p>3. W sprawach nieuregulowanych niniejsz\u0105 Polityk\u0105 prywatno\u015bci stosuje si\u0119 odpowiednio przepisy RODO oraz inne w\u0142a\u015bciwe przepisy prawa polskiego.<\/p>\n\t\t\t\t\t\t\t\t<\/div>\n\t\t\t\t<\/div>\n\t\t\t\t\t<\/div>\n\t\t\t\t<\/div>\n\t\t\t\t<\/div>\n\t\t","protected":false},"excerpt":{"rendered":"<p>Polityka prywatno\u015bci strony internetowej www.silnetdisco.fun 1. POSTANOWIENIA OG\u00d3LNE 1. Administratorem danych osobowych zbieranych za po\u015brednictwem strony internetowej www.silnetdisco.fun jest Hi-Sky Sp. z o. o. wpisana do<span class=\"excerpt-hellip\"> [\u2026]<\/span><\/p>\n","protected":false},"author":1,"featured_media":0,"parent":0,"menu_order":0,"comment_status":"closed","ping_status":"closed","template":"","meta":{"_mo_disable_npp":"","footnotes":""},"class_list":["post-530","page","type-page","status-publish","hentry"],"yoast_head":"<!-- This site is optimized with the Yoast SEO plugin v26.7 - https:\/\/yoast.com\/wordpress\/plugins\/seo\/ -->\n<title>Privacy policy - Silent Disco Fun<\/title>\n<meta name=\"robots\" content=\"index, follow, max-snippet:-1, max-image-preview:large, max-video-preview:-1\" \/>\n<link rel=\"canonical\" href=\"https:\/\/silentdisco.fun\/en\/privacy-policy\/\" \/>\n<meta property=\"og:locale\" content=\"en_US\" \/>\n<meta property=\"og:type\" content=\"article\" \/>\n<meta property=\"og:title\" content=\"Privacy policy - Silent Disco Fun\" \/>\n<meta property=\"og:description\" content=\"Polityka prywatno\u015bci strony internetowej www.silnetdisco.fun 1. POSTANOWIENIA OG\u00d3LNE 1. Administratorem danych osobowych zbieranych za po\u015brednictwem strony internetowej www.silnetdisco.fun jest Hi-Sky Sp. z o. o. wpisana do [\u2026]\" \/>\n<meta property=\"og:url\" content=\"https:\/\/silentdisco.fun\/en\/privacy-policy\/\" \/>\n<meta property=\"og:site_name\" content=\"Silent Disco Fun\" \/>\n<meta property=\"article:publisher\" content=\"https:\/\/www.facebook.com\/silentdisco.waw\" \/>\n<meta property=\"article:modified_time\" content=\"2023-12-24T20:29:20+00:00\" \/>\n<meta name=\"twitter:card\" content=\"summary_large_image\" \/>\n<meta name=\"twitter:label1\" content=\"Est. reading time\" \/>\n\t<meta name=\"twitter:data1\" content=\"6 minutes\" \/>\n<script type=\"application\/ld+json\" class=\"yoast-schema-graph\">{\"@context\":\"https:\/\/schema.org\",\"@graph\":[{\"@type\":\"WebPage\",\"@id\":\"https:\/\/silentdisco.fun\/en\/privacy-policy\/\",\"url\":\"https:\/\/silentdisco.fun\/en\/privacy-policy\/\",\"name\":\"Privacy policy - Silent Disco Fun\",\"isPartOf\":{\"@id\":\"https:\/\/silentdisco.fun\/en\/#website\"},\"datePublished\":\"2023-12-02T18:50:34+00:00\",\"dateModified\":\"2023-12-24T20:29:20+00:00\",\"breadcrumb\":{\"@id\":\"https:\/\/silentdisco.fun\/en\/privacy-policy\/#breadcrumb\"},\"inLanguage\":\"en-US\",\"potentialAction\":[{\"@type\":\"ReadAction\",\"target\":[\"https:\/\/silentdisco.fun\/en\/privacy-policy\/\"]}]},{\"@type\":\"BreadcrumbList\",\"@id\":\"https:\/\/silentdisco.fun\/en\/privacy-policy\/#breadcrumb\",\"itemListElement\":[{\"@type\":\"ListItem\",\"position\":1,\"name\":\"Strona g\u0142\u00f3wna\",\"item\":\"https:\/\/silentdisco.fun\/en\/\"},{\"@type\":\"ListItem\",\"position\":2,\"name\":\"Privacy policy\"}]},{\"@type\":\"WebSite\",\"@id\":\"https:\/\/silentdisco.fun\/en\/#website\",\"url\":\"https:\/\/silentdisco.fun\/en\/\",\"name\":\"Silent Disco Fun\",\"description\":\"Dobra Zabawa\",\"publisher\":{\"@id\":\"https:\/\/silentdisco.fun\/en\/#organization\"},\"potentialAction\":[{\"@type\":\"SearchAction\",\"target\":{\"@type\":\"EntryPoint\",\"urlTemplate\":\"https:\/\/silentdisco.fun\/en\/?s={search_term_string}\"},\"query-input\":{\"@type\":\"PropertyValueSpecification\",\"valueRequired\":true,\"valueName\":\"search_term_string\"}}],\"inLanguage\":\"en-US\"},{\"@type\":\"Organization\",\"@id\":\"https:\/\/silentdisco.fun\/en\/#organization\",\"name\":\"Silent Disco Fun\",\"url\":\"https:\/\/silentdisco.fun\/en\/\",\"logo\":{\"@type\":\"ImageObject\",\"inLanguage\":\"en-US\",\"@id\":\"https:\/\/silentdisco.fun\/en\/#\/schema\/logo\/image\/\",\"url\":\"https:\/\/silentdisco.fun\/wp-content\/uploads\/2023\/12\/favicon-512x512-k.png\",\"contentUrl\":\"https:\/\/silentdisco.fun\/wp-content\/uploads\/2023\/12\/favicon-512x512-k.png\",\"width\":512,\"height\":512,\"caption\":\"Silent Disco Fun\"},\"image\":{\"@id\":\"https:\/\/silentdisco.fun\/en\/#\/schema\/logo\/image\/\"},\"sameAs\":[\"https:\/\/www.facebook.com\/silentdisco.waw\",\"https:\/\/www.instagram.com\/silentdisco.waw\/\",\"https:\/\/www.tiktok.com\/@silent_disco_fun\"]}]}<\/script>\n<!-- \/ Yoast SEO plugin. -->","yoast_head_json":{"title":"Privacy policy - Silent Disco Fun","robots":{"index":"index","follow":"follow","max-snippet":"max-snippet:-1","max-image-preview":"max-image-preview:large","max-video-preview":"max-video-preview:-1"},"canonical":"https:\/\/silentdisco.fun\/en\/privacy-policy\/","og_locale":"en_US","og_type":"article","og_title":"Privacy policy - Silent Disco Fun","og_description":"Polityka prywatno\u015bci strony internetowej www.silnetdisco.fun 1. POSTANOWIENIA OG\u00d3LNE 1. Administratorem danych osobowych zbieranych za po\u015brednictwem strony internetowej www.silnetdisco.fun jest Hi-Sky Sp. z o. o. wpisana do [\u2026]","og_url":"https:\/\/silentdisco.fun\/en\/privacy-policy\/","og_site_name":"Silent Disco Fun","article_publisher":"https:\/\/www.facebook.com\/silentdisco.waw","article_modified_time":"2023-12-24T20:29:20+00:00","twitter_card":"summary_large_image","twitter_misc":{"Est. reading time":"6 minutes"},"schema":{"@context":"https:\/\/schema.org","@graph":[{"@type":"WebPage","@id":"https:\/\/silentdisco.fun\/en\/privacy-policy\/","url":"https:\/\/silentdisco.fun\/en\/privacy-policy\/","name":"Privacy policy - Silent Disco Fun","isPartOf":{"@id":"https:\/\/silentdisco.fun\/en\/#website"},"datePublished":"2023-12-02T18:50:34+00:00","dateModified":"2023-12-24T20:29:20+00:00","breadcrumb":{"@id":"https:\/\/silentdisco.fun\/en\/privacy-policy\/#breadcrumb"},"inLanguage":"en-US","potentialAction":[{"@type":"ReadAction","target":["https:\/\/silentdisco.fun\/en\/privacy-policy\/"]}]},{"@type":"BreadcrumbList","@id":"https:\/\/silentdisco.fun\/en\/privacy-policy\/#breadcrumb","itemListElement":[{"@type":"ListItem","position":1,"name":"Strona g\u0142\u00f3wna","item":"https:\/\/silentdisco.fun\/en\/"},{"@type":"ListItem","position":2,"name":"Privacy policy"}]},{"@type":"WebSite","@id":"https:\/\/silentdisco.fun\/en\/#website","url":"https:\/\/silentdisco.fun\/en\/","name":"Silent Disco Fun","description":"Dobra Zabawa","publisher":{"@id":"https:\/\/silentdisco.fun\/en\/#organization"},"potentialAction":[{"@type":"SearchAction","target":{"@type":"EntryPoint","urlTemplate":"https:\/\/silentdisco.fun\/en\/?s={search_term_string}"},"query-input":{"@type":"PropertyValueSpecification","valueRequired":true,"valueName":"search_term_string"}}],"inLanguage":"en-US"},{"@type":"Organization","@id":"https:\/\/silentdisco.fun\/en\/#organization","name":"Silent Disco Fun","url":"https:\/\/silentdisco.fun\/en\/","logo":{"@type":"ImageObject","inLanguage":"en-US","@id":"https:\/\/silentdisco.fun\/en\/#\/schema\/logo\/image\/","url":"https:\/\/silentdisco.fun\/wp-content\/uploads\/2023\/12\/favicon-512x512-k.png","contentUrl":"https:\/\/silentdisco.fun\/wp-content\/uploads\/2023\/12\/favicon-512x512-k.png","width":512,"height":512,"caption":"Silent Disco Fun"},"image":{"@id":"https:\/\/silentdisco.fun\/en\/#\/schema\/logo\/image\/"},"sameAs":["https:\/\/www.facebook.com\/silentdisco.waw","https:\/\/www.instagram.com\/silentdisco.waw\/","https:\/\/www.tiktok.com\/@silent_disco_fun"]}]}},"_links":{"self":[{"href":"https:\/\/silentdisco.fun\/en\/wp-json\/wp\/v2\/pages\/530","targetHints":{"allow":["GET"]}}],"collection":[{"href":"https:\/\/silentdisco.fun\/en\/wp-json\/wp\/v2\/pages"}],"about":[{"href":"https:\/\/silentdisco.fun\/en\/wp-json\/wp\/v2\/types\/page"}],"author":[{"embeddable":true,"href":"https:\/\/silentdisco.fun\/en\/wp-json\/wp\/v2\/users\/1"}],"replies":[{"embeddable":true,"href":"https:\/\/silentdisco.fun\/en\/wp-json\/wp\/v2\/comments?post=530"}],"version-history":[{"count":1,"href":"https:\/\/silentdisco.fun\/en\/wp-json\/wp\/v2\/pages\/530\/revisions"}],"predecessor-version":[{"id":531,"href":"https:\/\/silentdisco.fun\/en\/wp-json\/wp\/v2\/pages\/530\/revisions\/531"}],"wp:attachment":[{"href":"https:\/\/silentdisco.fun\/en\/wp-json\/wp\/v2\/media?parent=530"}],"curies":[{"name":"wp","href":"https:\/\/api.w.org\/{rel}","templated":true}]}}