{"id":528,"date":"2023-12-02T18:52:16","date_gmt":"2023-12-02T18:52:16","guid":{"rendered":"https:\/\/silentdisco.fun\/regulations\/"},"modified":"2023-12-24T19:48:54","modified_gmt":"2023-12-24T19:48:54","slug":"regulations","status":"publish","type":"page","link":"https:\/\/silentdisco.fun\/en\/regulations\/","title":{"rendered":"Regulations"},"content":{"rendered":"\t\t<div data-elementor-type=\"wp-page\" data-elementor-id=\"528\" class=\"elementor elementor-528 elementor-237\">\n\t\t\t\t<div class=\"elementor-element elementor-element-54123dc e-flex e-con-boxed e-con e-parent\" data-id=\"54123dc\" data-element_type=\"container\">\n\t\t\t\t\t<div class=\"e-con-inner\">\n\t\t\t\t<div class=\"elementor-element elementor-element-25dc346 elementor-widget elementor-widget-text-editor\" data-id=\"25dc346\" data-element_type=\"widget\" data-widget_type=\"text-editor.default\">\n\t\t\t\t<div class=\"elementor-widget-container\">\n\t\t\t\t\t\t\t\t\t<p><strong>Regulamin strony internetowej www.silnetdisco.fun<\/strong><\/p>\n<p>1. Postanowienia og\u00f3lne<\/p>\n<p>2. Definicje<\/p>\n<p>3. Rodzaj i zakres us\u0142ug elektronicznych<\/p>\n<p>4. Warunki \u015bwiadczenia i zawierania um\u00f3w o \u015bwiadczenie us\u0142ug elektronicznych<\/p>\n<p>5. Warunki rozwi\u0105zania um\u00f3w o \u015bwiadczenie us\u0142ug elektronicznych<\/p>\n<p>6. Tryb post\u0119powania reklamacyjnego<\/p>\n<p>7. W\u0142asno\u015b\u0107 intelektualna<\/p>\n<p>8. Postanowienia ko\u0144cowe<\/p>\n<p>1. POSTANOWIENIA OG\u00d3LNE<\/p>\n<p>1. Strona www.silnetdisco.fun dzia\u0142a na zasadach okre\u015blonych w niniejszym Regulaminie.<\/p>\n<p>2. Regulamin okre\u015bla rodzaje i zakres us\u0142ug \u015bwiadczonych drog\u0105 elektroniczn\u0105 przez Stron\u0119 www.silnetdisco.fun, zasady \u015bwiadczenia tych us\u0142ug, warunki zawierania i rozwi\u0105zywania um\u00f3w o \u015bwiadczenie us\u0142ug drog\u0105 elektroniczn\u0105, a tak\u017ce tryb post\u0119powania reklamacyjnego.<\/p>\n<p>3. Regulamin okre\u015bla rodzaje i zakres us\u0142ug \u015bwiadczonych drog\u0105 elektroniczn\u0105 przez Stron\u0119 www.silnetdisco.fun, zasady \u015bwiadczenia tych us\u0142ug, warunki zawierania i rozwi\u0105zywania um\u00f3w o \u015bwiadczenie us\u0142ug drog\u0105 elektroniczn\u0105, a tak\u017ce tryb post\u0119powania reklamacyjnego.<\/p>\n<p>4. Ka\u017cdy Us\u0142ugobiorca z chwil\u0105 podj\u0119cia czynno\u015bci zmierzaj\u0105cych do korzystania z Us\u0142ug Elektronicznych Strony www.silnetdisco.fun, zobowi\u0105zany jest do przestrzegania postanowie\u0144 niniejszego Regulaminu.<\/p>\n<p>5. W sprawach nieuregulowanych w niniejszym Regulaminie maj\u0105 zastosowanie przepisy<\/p>\n<p>1. Ustawy o \u015bwiadczeniu us\u0142ug drog\u0105 elektroniczn\u0105 z dnia 18 lipca 2002 r. (Dz. U. Nr 144, poz. 1204 ze zm.),<\/p>\n<p>2. Ustawy o prawach konsumenta z dnia 30 maja 2014 r. (Dz. U. 2014 poz. 827),<\/p>\n<p>3. Ustawy Kodeks cywilny z dnia 23 kwietnia 1964 r. (Dz. U. nr 16, poz. 93 ze zm.) oraz inne w\u0142a\u015bciwe przepisy prawa polskiego.<\/p>\n<p>2. DEFINICJE<\/p>\n<p>1. FORMULARZ KONTAKTOWY \u2013 formularz dost\u0119pny na Stronie www.silnetdisco.fun umo\u017cliwiaj\u0105cy Us\u0142ugobiorcy bezpo\u015bredni kontakt z Us\u0142ugodawc\u0105.<\/p>\n<p>2. REGULAMIN &#8211; niniejszy regulamin Strony.<\/p>\n<p>3. US\u0141UGODAWCA \u2013 Hi-Sky Sp. z o. o., adres siedziby: ul. Towarowa 20B 10-417 Olsztyn, adres do dor\u0119cze\u0144: ul. Towarowa 20B 10-417 Olsztyn wpisan\u0105 do rejestru przedsi\u0119biorc\u00f3w pod numerem KRS: 0000964531, NIP: 7393966765, REGON: 521719937, posiadaj\u0105c\u0105 kapita\u0142 zak\u0142adowy w kwocie: 5000, adres poczty elektronicznej: hello@silentdisco.fun, tel.: +48 791742909.<\/p>\n<p>4. US\u0141UGOBIORCA \u2013 osoba fizyczna, osoba prawna albo jednostka organizacyjna nieposiadaj\u0105ca osobowo\u015bci prawnej, kt\u00f3rej ustawa przyznaje zdolno\u015b\u0107 prawn\u0105 korzystaj\u0105ca z Us\u0142ugi Elektronicznej.<\/p>\n<p>5. US\u0141UGA ELEKTRONICZNA \u2013 us\u0142uga \u015bwiadczona drog\u0105 elektroniczn\u0105 przez Us\u0142ugodawc\u0119 na rzecz Us\u0142ugobiorcy za po\u015brednictwem Strony.<\/p>\n<p>6. NEWSLETTER \u2013 Us\u0142uga Elektroniczna pozwalaj\u0105ca Us\u0142ugobiorcy na subskrybowanie i otrzymywanie na podany przez Us\u0142ugobiorc\u0119 adres e-mail bezp\u0142atnych informacji pochodz\u0105cych od Us\u0142ugodawcy.<\/p>\n<p>3. RODZAJ I ZAKRES US\u0141UG ELEKTRONICZNYCH<\/p>\n<p>1. Us\u0142ugodawca umo\u017cliwia za po\u015brednictwem Strony korzystanie z Us\u0142ug Elektronicznych takich jak:<\/p>\n<p>1. korzystanie z Formularza Kontaktowego,<\/p>\n<p>2. korzystanie z Newslettera,<\/p>\n<p>2. \u015awiadczenie Us\u0142ug Elektronicznych na rzecz Us\u0142ugobiorc\u00f3w odbywa si\u0119 na warunkach okre\u015blonych w Regulaminie.<\/p>\n<p>4. WARUNKI \u015aWIADCZENIA I ZAWIERANIA UM\u00d3W O \u015aWIADCZENIE US\u0141UG ELEKTRONICZNYCH<\/p>\n<p>1. \u015awiadczenie Us\u0142ug Elektronicznych okre\u015blonych w rozdziale III pkt. 1 Regulaminu przez Us\u0142ugodawc\u0119 jest nieodp\u0142atne.<\/p>\n<p>2. Okres na jaki umowa zostaje zawarta:<\/p>\n<p>1. umowa o \u015bwiadczenie Us\u0142ugi Elektronicznej polegaj\u0105cej na umo\u017cliwieniu wys\u0142ania wiadomo\u015bci za po\u015brednictwem Formularza Kontaktowego zawierana jest na czas oznaczony i ulega rozwi\u0105zaniu z chwil\u0105 wys\u0142ania wiadomo\u015bci albo zaprzestania jej wysy\u0142ania przez Us\u0142ugobiorc\u0119.<\/p>\n<p>2. umowa o \u015bwiadczenie Us\u0142ugi Elektronicznej polegaj\u0105cej na korzystaniu z Newslettera zawierana jest na czas nieoznaczony.<\/p>\n<p>3. Wymagania techniczne niezb\u0119dne do wsp\u00f3\u0142pracy z systemem teleinformatycznym, kt\u00f3rym pos\u0142uguje si\u0119 Us\u0142ugodawca:<\/p>\n<p>1. komputer z dost\u0119pem do Internetu,<\/p>\n<p>2. dost\u0119p do poczty elektronicznej,<\/p>\n<p>3. przegl\u0105darka internetowa,<\/p>\n<p>4. w\u0142\u0105czenie w przegl\u0105darce internetowej Cookies oraz Javascript.<\/p>\n<p>4. Us\u0142ugobiorca zobowi\u0105zany jest do korzystania ze Strony w spos\u00f3b zgodny z prawem i dobrymi obyczajami maj\u0105c na uwadze poszanowanie d\u00f3br osobistych i praw w\u0142asno\u015bci intelektualnej os\u00f3b trzecich.<\/p>\n<p>5. Us\u0142ugobiorca zobowi\u0105zany jest do wprowadzania danych zgodnych ze stanem faktycznym.<\/p>\n<p>6. Us\u0142ugobiorc\u0119 obowi\u0105zuje zakaz dostarczania tre\u015bci o charakterze bezprawnym.<\/p>\n<p>5. WARUNKI ROZWI\u0104ZYWANIA UM\u00d3W O \u015aWIADCZENIE US\u0141UG ELEKTRONICZNYCH<\/p>\n<p>1. Wypowiedzenie umowy o \u015bwiadczenie Us\u0142ugi Elektronicznej:<\/p>\n<p>1. Wypowiedzeniu mo\u017ce ulec umowa o \u015bwiadczenie Us\u0142ugi Elektronicznej o charakterze ci\u0105g\u0142ym i bezterminowym (np. korzystanie z Newslettera).<\/p>\n<p>2. Us\u0142ugobiorca mo\u017ce wypowiedzie\u0107 umow\u0119 ze skutkiem natychmiastowym i bez wskazywania przyczyn poprzez przes\u0142anie stosownego o\u015bwiadczenia za po\u015brednictwem poczty elektronicznej na adres: hello@silentdisco.fun<\/p>\n<p>3. Us\u0142ugodawca mo\u017ce wypowiedzie\u0107 umow\u0119 o \u015bwiadczenie Us\u0142ugi Elektronicznej o charakterze ci\u0105g\u0142ym i bezterminowym w przypadku, gdy Us\u0142ugobiorca narusza Regulamin, w szczeg\u00f3lno\u015bci, gdy dostarcza tre\u015bci o charakterze bezprawnym po bezskutecznym wcze\u015bniejszym wezwaniu do zaprzestania narusze\u0144 z wyznaczeniem odpowiedniego terminu. Umowa w takim wypadku wygasa po up\u0142ywie 7 dni od dnia z\u0142o\u017cenia o\u015bwiadczenia woli o jej wypowiedzeniu (okres wypowiedzenia).<\/p>\n<p>4. Wypowiedzenie prowadzi do ustania stosunku prawnego ze skutkiem na przysz\u0142o\u015b\u0107.<\/p>\n<p>2. Us\u0142ugodawca i Us\u0142ugobiorca mog\u0105 rozwi\u0105za\u0107 umow\u0119 o \u015bwiadczenie Us\u0142ugi Elektronicznej w ka\u017cdym czasie w drodze porozumienia stron.<\/p>\n<p>6. TRYB POST\u0118POWANIA REKLAMACYJNEGO<\/p>\n<p>1. Reklamacje zwi\u0105zane ze \u015bwiadczeniem Us\u0142ug Elektronicznych przez Us\u0142ugodawc\u0119:<\/p>\n<p>1. Reklamacje zwi\u0105zane ze \u015bwiadczeniem Us\u0142ug Elektronicznych za po\u015brednictwem Strony Us\u0142ugobiorca mo\u017ce sk\u0142ada\u0107 za po\u015brednictwem poczty elektronicznej na adres: hello@silentdisco.fun<\/p>\n<p>2. W powy\u017cszej wiadomo\u015bci e-mail, nale\u017cy poda\u0107 jak najwi\u0119cej informacji i okoliczno\u015bci dotycz\u0105cych przedmiotu reklamacji, w szczeg\u00f3lno\u015bci rodzaj i dat\u0119 wyst\u0105pienia nieprawid\u0142owo\u015bci oraz dane kontaktowe. Podane informacje znacznie u\u0142atwi\u0105 i przyspiesz\u0105 rozpatrzenie reklamacji przez Us\u0142ugodawc\u0119.<\/p>\n<p>3. Rozpatrzenie reklamacji przez Us\u0142ugodawc\u0119 nast\u0119puje niezw\u0142ocznie, nie p\u00f3\u017aniej ni\u017c w terminie 14 dni.<\/p>\n<p>4. Odpowied\u017a Us\u0142ugodawcy w sprawie reklamacji jest wysy\u0142ana na adres e-mail Us\u0142ugobiorcy podany w zg\u0142oszeniu reklamacyjnym lub w inny podany przez Us\u0142ugobiorc\u0119 spos\u00f3b.<\/p>\n<p>7. W\u0141ASNO\u015a\u0106 INTELEKTUALNA<\/p>\n<p>1. Wszystkie tre\u015bci zamieszczone na stronie internetowej pod adresem www.silnetdisco.fun korzystaj\u0105 z ochrony prawno autorskiej i s\u0105 w\u0142asno\u015bci\u0105 www.silnetdisco.fun Us\u0142ugobiorca ponosi pe\u0142n\u0105 odpowiedzialno\u015b\u0107 za szkod\u0119 wyrz\u0105dzon\u0105 Us\u0142ugodawcy, b\u0119d\u0105c\u0105 nast\u0119pstwem u\u017cycia jakiejkolwiek zawarto\u015bci strony www.silnetdisco.fun, bez zgody Us\u0142ugodawcy.<\/p>\n<p>2. Jakiekolwiek wykorzystanie przez kogokolwiek, bez wyra\u017anej pisemnej zgody Us\u0142ugodawcy, kt\u00f3regokolwiek z element\u00f3w sk\u0142adaj\u0105cych si\u0119 na tre\u015b\u0107 oraz zawarto\u015b\u0107 strony www.silnetdisco.fun stanowi naruszenie prawa autorskiego przys\u0142uguj\u0105cego Us\u0142ugodawcy i skutkuje odpowiedzialno\u015bci\u0105 cywilnoprawn\u0105 oraz karn\u0105.<\/p>\n<p>8. POSTANOWIENIA KO\u0143COWE<\/p>\n<p>1. Umowy zawierane za po\u015brednictwem Strony zawierane s\u0105 zgodnie z prawem polskim.<\/p>\n<p>2. W przypadku niezgodno\u015bci jakiejkolwiek cz\u0119\u015bci Regulaminu z obowi\u0105zuj\u0105cym prawem, w miejsce zakwestionowanego przepisu Regulaminu zastosowanie maj\u0105 w\u0142a\u015bciwe przepisy prawa polskiego.<\/p>\n\t\t\t\t\t\t\t\t<\/div>\n\t\t\t\t<\/div>\n\t\t\t\t\t<\/div>\n\t\t\t\t<\/div>\n\t\t\t\t<\/div>\n\t\t","protected":false},"excerpt":{"rendered":"<p>Regulamin strony internetowej www.silnetdisco.fun 1. Postanowienia og\u00f3lne 2. Definicje 3. Rodzaj i zakres us\u0142ug elektronicznych 4. Warunki \u015bwiadczenia i zawierania um\u00f3w o \u015bwiadczenie us\u0142ug elektronicznych 5.<span class=\"excerpt-hellip\"> [\u2026]<\/span><\/p>\n","protected":false},"author":1,"featured_media":0,"parent":0,"menu_order":0,"comment_status":"closed","ping_status":"closed","template":"","meta":{"_mo_disable_npp":"","footnotes":""},"class_list":["post-528","page","type-page","status-publish","hentry"],"yoast_head":"<!-- This site is optimized with the Yoast SEO plugin v26.7 - https:\/\/yoast.com\/wordpress\/plugins\/seo\/ -->\n<title>Regulations - Silent Disco Fun<\/title>\n<meta name=\"robots\" content=\"index, follow, max-snippet:-1, max-image-preview:large, max-video-preview:-1\" \/>\n<link rel=\"canonical\" href=\"https:\/\/silentdisco.fun\/en\/regulations\/\" \/>\n<meta property=\"og:locale\" content=\"en_US\" \/>\n<meta property=\"og:type\" content=\"article\" \/>\n<meta property=\"og:title\" content=\"Regulations - Silent Disco Fun\" \/>\n<meta property=\"og:description\" content=\"Regulamin strony internetowej www.silnetdisco.fun 1. Postanowienia og\u00f3lne 2. Definicje 3. Rodzaj i zakres us\u0142ug elektronicznych 4. Warunki \u015bwiadczenia i zawierania um\u00f3w o \u015bwiadczenie us\u0142ug elektronicznych 5. [\u2026]\" \/>\n<meta property=\"og:url\" content=\"https:\/\/silentdisco.fun\/en\/regulations\/\" \/>\n<meta property=\"og:site_name\" content=\"Silent Disco Fun\" \/>\n<meta property=\"article:publisher\" content=\"https:\/\/www.facebook.com\/silentdisco.waw\" \/>\n<meta property=\"article:modified_time\" content=\"2023-12-24T19:48:54+00:00\" \/>\n<meta name=\"twitter:card\" content=\"summary_large_image\" \/>\n<meta name=\"twitter:label1\" content=\"Est. reading time\" \/>\n\t<meta name=\"twitter:data1\" content=\"5 minutes\" \/>\n<script type=\"application\/ld+json\" class=\"yoast-schema-graph\">{\"@context\":\"https:\/\/schema.org\",\"@graph\":[{\"@type\":\"WebPage\",\"@id\":\"https:\/\/silentdisco.fun\/en\/regulations\/\",\"url\":\"https:\/\/silentdisco.fun\/en\/regulations\/\",\"name\":\"Regulations - Silent Disco Fun\",\"isPartOf\":{\"@id\":\"https:\/\/silentdisco.fun\/en\/#website\"},\"datePublished\":\"2023-12-02T18:52:16+00:00\",\"dateModified\":\"2023-12-24T19:48:54+00:00\",\"breadcrumb\":{\"@id\":\"https:\/\/silentdisco.fun\/en\/regulations\/#breadcrumb\"},\"inLanguage\":\"en-US\",\"potentialAction\":[{\"@type\":\"ReadAction\",\"target\":[\"https:\/\/silentdisco.fun\/en\/regulations\/\"]}]},{\"@type\":\"BreadcrumbList\",\"@id\":\"https:\/\/silentdisco.fun\/en\/regulations\/#breadcrumb\",\"itemListElement\":[{\"@type\":\"ListItem\",\"position\":1,\"name\":\"Strona g\u0142\u00f3wna\",\"item\":\"https:\/\/silentdisco.fun\/en\/\"},{\"@type\":\"ListItem\",\"position\":2,\"name\":\"Regulations\"}]},{\"@type\":\"WebSite\",\"@id\":\"https:\/\/silentdisco.fun\/en\/#website\",\"url\":\"https:\/\/silentdisco.fun\/en\/\",\"name\":\"Silent Disco Fun\",\"description\":\"Dobra Zabawa\",\"publisher\":{\"@id\":\"https:\/\/silentdisco.fun\/en\/#organization\"},\"potentialAction\":[{\"@type\":\"SearchAction\",\"target\":{\"@type\":\"EntryPoint\",\"urlTemplate\":\"https:\/\/silentdisco.fun\/en\/?s={search_term_string}\"},\"query-input\":{\"@type\":\"PropertyValueSpecification\",\"valueRequired\":true,\"valueName\":\"search_term_string\"}}],\"inLanguage\":\"en-US\"},{\"@type\":\"Organization\",\"@id\":\"https:\/\/silentdisco.fun\/en\/#organization\",\"name\":\"Silent Disco Fun\",\"url\":\"https:\/\/silentdisco.fun\/en\/\",\"logo\":{\"@type\":\"ImageObject\",\"inLanguage\":\"en-US\",\"@id\":\"https:\/\/silentdisco.fun\/en\/#\/schema\/logo\/image\/\",\"url\":\"https:\/\/silentdisco.fun\/wp-content\/uploads\/2023\/12\/favicon-512x512-k.png\",\"contentUrl\":\"https:\/\/silentdisco.fun\/wp-content\/uploads\/2023\/12\/favicon-512x512-k.png\",\"width\":512,\"height\":512,\"caption\":\"Silent Disco Fun\"},\"image\":{\"@id\":\"https:\/\/silentdisco.fun\/en\/#\/schema\/logo\/image\/\"},\"sameAs\":[\"https:\/\/www.facebook.com\/silentdisco.waw\",\"https:\/\/www.instagram.com\/silentdisco.waw\/\",\"https:\/\/www.tiktok.com\/@silent_disco_fun\"]}]}<\/script>\n<!-- \/ Yoast SEO plugin. -->","yoast_head_json":{"title":"Regulations - Silent Disco Fun","robots":{"index":"index","follow":"follow","max-snippet":"max-snippet:-1","max-image-preview":"max-image-preview:large","max-video-preview":"max-video-preview:-1"},"canonical":"https:\/\/silentdisco.fun\/en\/regulations\/","og_locale":"en_US","og_type":"article","og_title":"Regulations - Silent Disco Fun","og_description":"Regulamin strony internetowej www.silnetdisco.fun 1. Postanowienia og\u00f3lne 2. Definicje 3. Rodzaj i zakres us\u0142ug elektronicznych 4. Warunki \u015bwiadczenia i zawierania um\u00f3w o \u015bwiadczenie us\u0142ug elektronicznych 5. [\u2026]","og_url":"https:\/\/silentdisco.fun\/en\/regulations\/","og_site_name":"Silent Disco Fun","article_publisher":"https:\/\/www.facebook.com\/silentdisco.waw","article_modified_time":"2023-12-24T19:48:54+00:00","twitter_card":"summary_large_image","twitter_misc":{"Est. reading time":"5 minutes"},"schema":{"@context":"https:\/\/schema.org","@graph":[{"@type":"WebPage","@id":"https:\/\/silentdisco.fun\/en\/regulations\/","url":"https:\/\/silentdisco.fun\/en\/regulations\/","name":"Regulations - Silent Disco Fun","isPartOf":{"@id":"https:\/\/silentdisco.fun\/en\/#website"},"datePublished":"2023-12-02T18:52:16+00:00","dateModified":"2023-12-24T19:48:54+00:00","breadcrumb":{"@id":"https:\/\/silentdisco.fun\/en\/regulations\/#breadcrumb"},"inLanguage":"en-US","potentialAction":[{"@type":"ReadAction","target":["https:\/\/silentdisco.fun\/en\/regulations\/"]}]},{"@type":"BreadcrumbList","@id":"https:\/\/silentdisco.fun\/en\/regulations\/#breadcrumb","itemListElement":[{"@type":"ListItem","position":1,"name":"Strona g\u0142\u00f3wna","item":"https:\/\/silentdisco.fun\/en\/"},{"@type":"ListItem","position":2,"name":"Regulations"}]},{"@type":"WebSite","@id":"https:\/\/silentdisco.fun\/en\/#website","url":"https:\/\/silentdisco.fun\/en\/","name":"Silent Disco Fun","description":"Dobra Zabawa","publisher":{"@id":"https:\/\/silentdisco.fun\/en\/#organization"},"potentialAction":[{"@type":"SearchAction","target":{"@type":"EntryPoint","urlTemplate":"https:\/\/silentdisco.fun\/en\/?s={search_term_string}"},"query-input":{"@type":"PropertyValueSpecification","valueRequired":true,"valueName":"search_term_string"}}],"inLanguage":"en-US"},{"@type":"Organization","@id":"https:\/\/silentdisco.fun\/en\/#organization","name":"Silent Disco Fun","url":"https:\/\/silentdisco.fun\/en\/","logo":{"@type":"ImageObject","inLanguage":"en-US","@id":"https:\/\/silentdisco.fun\/en\/#\/schema\/logo\/image\/","url":"https:\/\/silentdisco.fun\/wp-content\/uploads\/2023\/12\/favicon-512x512-k.png","contentUrl":"https:\/\/silentdisco.fun\/wp-content\/uploads\/2023\/12\/favicon-512x512-k.png","width":512,"height":512,"caption":"Silent Disco Fun"},"image":{"@id":"https:\/\/silentdisco.fun\/en\/#\/schema\/logo\/image\/"},"sameAs":["https:\/\/www.facebook.com\/silentdisco.waw","https:\/\/www.instagram.com\/silentdisco.waw\/","https:\/\/www.tiktok.com\/@silent_disco_fun"]}]}},"_links":{"self":[{"href":"https:\/\/silentdisco.fun\/en\/wp-json\/wp\/v2\/pages\/528","targetHints":{"allow":["GET"]}}],"collection":[{"href":"https:\/\/silentdisco.fun\/en\/wp-json\/wp\/v2\/pages"}],"about":[{"href":"https:\/\/silentdisco.fun\/en\/wp-json\/wp\/v2\/types\/page"}],"author":[{"embeddable":true,"href":"https:\/\/silentdisco.fun\/en\/wp-json\/wp\/v2\/users\/1"}],"replies":[{"embeddable":true,"href":"https:\/\/silentdisco.fun\/en\/wp-json\/wp\/v2\/comments?post=528"}],"version-history":[{"count":1,"href":"https:\/\/silentdisco.fun\/en\/wp-json\/wp\/v2\/pages\/528\/revisions"}],"predecessor-version":[{"id":529,"href":"https:\/\/silentdisco.fun\/en\/wp-json\/wp\/v2\/pages\/528\/revisions\/529"}],"wp:attachment":[{"href":"https:\/\/silentdisco.fun\/en\/wp-json\/wp\/v2\/media?parent=528"}],"curies":[{"name":"wp","href":"https:\/\/api.w.org\/{rel}","templated":true}]}}