{"id":488,"date":"2023-12-02T18:54:10","date_gmt":"2023-12-02T18:54:10","guid":{"rendered":"https:\/\/silentdisco.fun\/portfolio\/"},"modified":"2025-07-31T19:47:06","modified_gmt":"2025-07-31T19:47:06","slug":"portfolio","status":"publish","type":"page","link":"https:\/\/silentdisco.fun\/en\/portfolio\/","title":{"rendered":"Referencje"},"content":{"rendered":"\t\t<div data-elementor-type=\"wp-page\" data-elementor-id=\"488\" class=\"elementor elementor-488 elementor-242\">\n\t\t\t\t<div class=\"elementor-element elementor-element-66e4d8c e-flex e-con-boxed e-con e-parent\" data-id=\"66e4d8c\" data-element_type=\"container\">\n\t\t\t\t\t<div class=\"e-con-inner\">\n\t\t\t\t<div class=\"elementor-element elementor-element-e4cd0fb elementor-view-framed elementor-position-inline-start elementor-shape-circle elementor-mobile-position-block-start elementor-widget elementor-widget-icon-box\" data-id=\"e4cd0fb\" data-element_type=\"widget\" data-widget_type=\"icon-box.default\">\n\t\t\t\t<div class=\"elementor-widget-container\">\n\t\t\t\t\t\t\t<div class=\"elementor-icon-box-wrapper\">\n\n\t\t\t\t\t\t<div class=\"elementor-icon-box-icon\">\n\t\t\t\t<a href=\"https:\/\/silentdisco.fun\/wp-content\/uploads\/2025\/07\/referencje-muzeum-warszawy.pdf\" target=\"_blank\" class=\"elementor-icon\" tabindex=\"-1\" aria-label=\"Muzeum Warszawy\">\n\t\t\t\t<svg aria-hidden=\"true\" class=\"e-font-icon-svg e-fas-file-download\" viewBox=\"0 0 384 512\" xmlns=\"http:\/\/www.w3.org\/2000\/svg\"><path d=\"M224 136V0H24C10.7 0 0 10.7 0 24v464c0 13.3 10.7 24 24 24h336c13.3 0 24-10.7 24-24V160H248c-13.2 0-24-10.8-24-24zm76.45 211.36l-96.42 95.7c-6.65 6.61-17.39 6.61-24.04 0l-96.42-95.7C73.42 337.29 80.54 320 94.82 320H160v-80c0-8.84 7.16-16 16-16h32c8.84 0 16 7.16 16 16v80h65.18c14.28 0 21.4 17.29 11.27 27.36zM377 105L279.1 7c-4.5-4.5-10.6-7-17-7H256v128h128v-6.1c0-6.3-2.5-12.4-7-16.9z\"><\/path><\/svg>\t\t\t\t<\/a>\n\t\t\t<\/div>\n\t\t\t\n\t\t\t\t\t\t<div class=\"elementor-icon-box-content\">\n\n\t\t\t\t\t\t\t\t\t<h3 class=\"elementor-icon-box-title\">\n\t\t\t\t\t\t<a href=\"https:\/\/silentdisco.fun\/wp-content\/uploads\/2025\/07\/referencje-muzeum-warszawy.pdf\" target=\"_blank\" >\n\t\t\t\t\t\t\tMuzeum Warszawy\t\t\t\t\t\t<\/a>\n\t\t\t\t\t<\/h3>\n\t\t\t\t\n\t\t\t\t\t\t\t\t\t<p class=\"elementor-icon-box-description\">\n\t\t\t\t\t\tMuzeum Warszawy rekomenduje firm\u0119 Silent Disco Fun jako profesjonalnego i godnego zaufania partnera w organizacji wydarze\u0144 kulturalnych.\t\t\t\t\t<\/p>\n\t\t\t\t\n\t\t\t<\/div>\n\t\t\t\n\t\t<\/div>\n\t\t\t\t\t\t<\/div>\n\t\t\t\t<\/div>\n\t\t\t\t<div class=\"elementor-element elementor-element-e94d787 elementor-view-framed elementor-position-inline-start elementor-shape-circle elementor-mobile-position-block-start elementor-widget elementor-widget-icon-box\" data-id=\"e94d787\" data-element_type=\"widget\" data-widget_type=\"icon-box.default\">\n\t\t\t\t<div class=\"elementor-widget-container\">\n\t\t\t\t\t\t\t<div class=\"elementor-icon-box-wrapper\">\n\n\t\t\t\t\t\t<div class=\"elementor-icon-box-icon\">\n\t\t\t\t<a href=\"https:\/\/silentdisco.fun\/wp-content\/uploads\/2025\/07\/referencje-mdk-minsk.pdf\" target=\"_blank\" class=\"elementor-icon\" tabindex=\"-1\" aria-label=\"Miejski Dom Kultury w Mi\u0144sku\">\n\t\t\t\t<svg aria-hidden=\"true\" class=\"e-font-icon-svg e-fas-file-download\" viewBox=\"0 0 384 512\" xmlns=\"http:\/\/www.w3.org\/2000\/svg\"><path d=\"M224 136V0H24C10.7 0 0 10.7 0 24v464c0 13.3 10.7 24 24 24h336c13.3 0 24-10.7 24-24V160H248c-13.2 0-24-10.8-24-24zm76.45 211.36l-96.42 95.7c-6.65 6.61-17.39 6.61-24.04 0l-96.42-95.7C73.42 337.29 80.54 320 94.82 320H160v-80c0-8.84 7.16-16 16-16h32c8.84 0 16 7.16 16 16v80h65.18c14.28 0 21.4 17.29 11.27 27.36zM377 105L279.1 7c-4.5-4.5-10.6-7-17-7H256v128h128v-6.1c0-6.3-2.5-12.4-7-16.9z\"><\/path><\/svg>\t\t\t\t<\/a>\n\t\t\t<\/div>\n\t\t\t\n\t\t\t\t\t\t<div class=\"elementor-icon-box-content\">\n\n\t\t\t\t\t\t\t\t\t<h3 class=\"elementor-icon-box-title\">\n\t\t\t\t\t\t<a href=\"https:\/\/silentdisco.fun\/wp-content\/uploads\/2025\/07\/referencje-mdk-minsk.pdf\" target=\"_blank\" >\n\t\t\t\t\t\t\tMiejski Dom Kultury w Mi\u0144sku\t\t\t\t\t\t<\/a>\n\t\t\t\t\t<\/h3>\n\t\t\t\t\n\t\t\t\t\t\t\t\t\t<p class=\"elementor-icon-box-description\">\n\t\t\t\t\t\tSilent Disco Fun Company has demonstrated full commitment, creativity and high quality of service.\t\t\t\t\t<\/p>\n\t\t\t\t\n\t\t\t<\/div>\n\t\t\t\n\t\t<\/div>\n\t\t\t\t\t\t<\/div>\n\t\t\t\t<\/div>\n\t\t\t\t<div class=\"elementor-element elementor-element-98b8ab7 elementor-view-framed elementor-position-inline-start elementor-shape-circle elementor-mobile-position-block-start elementor-widget elementor-widget-icon-box\" data-id=\"98b8ab7\" data-element_type=\"widget\" data-widget_type=\"icon-box.default\">\n\t\t\t\t<div class=\"elementor-widget-container\">\n\t\t\t\t\t\t\t<div class=\"elementor-icon-box-wrapper\">\n\n\t\t\t\t\t\t<div class=\"elementor-icon-box-icon\">\n\t\t\t\t<a href=\"https:\/\/silentdisco.fun\/wp-content\/uploads\/2025\/07\/referencje-stowarzyszenie-troche-popkultury.pdf\" target=\"_blank\" class=\"elementor-icon\" tabindex=\"-1\" aria-label=\"Stowarzyszenie &quot;Troch\u0119 Popkultury&quot;\">\n\t\t\t\t<svg aria-hidden=\"true\" class=\"e-font-icon-svg e-fas-file-download\" viewBox=\"0 0 384 512\" xmlns=\"http:\/\/www.w3.org\/2000\/svg\"><path d=\"M224 136V0H24C10.7 0 0 10.7 0 24v464c0 13.3 10.7 24 24 24h336c13.3 0 24-10.7 24-24V160H248c-13.2 0-24-10.8-24-24zm76.45 211.36l-96.42 95.7c-6.65 6.61-17.39 6.61-24.04 0l-96.42-95.7C73.42 337.29 80.54 320 94.82 320H160v-80c0-8.84 7.16-16 16-16h32c8.84 0 16 7.16 16 16v80h65.18c14.28 0 21.4 17.29 11.27 27.36zM377 105L279.1 7c-4.5-4.5-10.6-7-17-7H256v128h128v-6.1c0-6.3-2.5-12.4-7-16.9z\"><\/path><\/svg>\t\t\t\t<\/a>\n\t\t\t<\/div>\n\t\t\t\n\t\t\t\t\t\t<div class=\"elementor-icon-box-content\">\n\n\t\t\t\t\t\t\t\t\t<h3 class=\"elementor-icon-box-title\">\n\t\t\t\t\t\t<a href=\"https:\/\/silentdisco.fun\/wp-content\/uploads\/2025\/07\/referencje-stowarzyszenie-troche-popkultury.pdf\" target=\"_blank\" >\n\t\t\t\t\t\t\tStowarzyszenie \"Troch\u0119 Popkultury\"\t\t\t\t\t\t<\/a>\n\t\t\t\t\t<\/h3>\n\t\t\t\t\n\t\t\t\t\t\t\t\t\t<p class=\"elementor-icon-box-description\">\n\t\t\t\t\t\tSilent Disco doskonale wkomponowa\u0142o si\u0119 w r\u00f3\u017cnorodny program Letniej Sceny Popkultury, podkre\u015blaj\u0105c nowoczesny charakter naszego festiwalu.\t\t\t\t\t<\/p>\n\t\t\t\t\n\t\t\t<\/div>\n\t\t\t\n\t\t<\/div>\n\t\t\t\t\t\t<\/div>\n\t\t\t\t<\/div>\n\t\t\t\t<div class=\"elementor-element elementor-element-5de77e0 elementor-view-framed elementor-position-inline-start elementor-shape-circle elementor-mobile-position-block-start elementor-widget elementor-widget-icon-box\" data-id=\"5de77e0\" data-element_type=\"widget\" data-widget_type=\"icon-box.default\">\n\t\t\t\t<div class=\"elementor-widget-container\">\n\t\t\t\t\t\t\t<div class=\"elementor-icon-box-wrapper\">\n\n\t\t\t\t\t\t<div class=\"elementor-icon-box-icon\">\n\t\t\t\t<a href=\"https:\/\/silentdisco.fun\/wp-content\/uploads\/2025\/07\/referencje-bwa-tarnow.pdf\" target=\"_blank\" class=\"elementor-icon\" tabindex=\"-1\" aria-label=\"Biuro Wystaw Artystycznych w Tarnowie\">\n\t\t\t\t<svg aria-hidden=\"true\" class=\"e-font-icon-svg e-fas-file-download\" viewBox=\"0 0 384 512\" xmlns=\"http:\/\/www.w3.org\/2000\/svg\"><path d=\"M224 136V0H24C10.7 0 0 10.7 0 24v464c0 13.3 10.7 24 24 24h336c13.3 0 24-10.7 24-24V160H248c-13.2 0-24-10.8-24-24zm76.45 211.36l-96.42 95.7c-6.65 6.61-17.39 6.61-24.04 0l-96.42-95.7C73.42 337.29 80.54 320 94.82 320H160v-80c0-8.84 7.16-16 16-16h32c8.84 0 16 7.16 16 16v80h65.18c14.28 0 21.4 17.29 11.27 27.36zM377 105L279.1 7c-4.5-4.5-10.6-7-17-7H256v128h128v-6.1c0-6.3-2.5-12.4-7-16.9z\"><\/path><\/svg>\t\t\t\t<\/a>\n\t\t\t<\/div>\n\t\t\t\n\t\t\t\t\t\t<div class=\"elementor-icon-box-content\">\n\n\t\t\t\t\t\t\t\t\t<h3 class=\"elementor-icon-box-title\">\n\t\t\t\t\t\t<a href=\"https:\/\/silentdisco.fun\/wp-content\/uploads\/2025\/07\/referencje-bwa-tarnow.pdf\" target=\"_blank\" >\n\t\t\t\t\t\t\tBiuro Wystaw Artystycznych w Tarnowie\t\t\t\t\t\t<\/a>\n\t\t\t\t\t<\/h3>\n\t\t\t\t\n\t\t\t\t\t\t\t\t\t<p class=\"elementor-icon-box-description\">\n\t\t\t\t\t\tSilent Disco by\u0142o wyj\u0105tkowym do\u015bwiadczeniem, kt\u00f3re po\u0142\u0105czy\u0142o ludzi w r\u00f3\u017cnym wieku w jedn\u0105 radosn\u0105 i taneczn\u0105 wsp\u00f3lnot\u0119.\t\t\t\t\t<\/p>\n\t\t\t\t\n\t\t\t<\/div>\n\t\t\t\n\t\t<\/div>\n\t\t\t\t\t\t<\/div>\n\t\t\t\t<\/div>\n\t\t\t\t\t<\/div>\n\t\t\t\t<\/div>\n\t\t\t\t<\/div>\n\t\t","protected":false},"excerpt":{"rendered":"<p>Muzeum Warszawy Muzeum Warszawy rekomenduje firm\u0119 Silent Disco Fun jako profesjonalnego i godnego zaufania partnera w organizacji wydarze\u0144 kulturalnych. Miejski Dom Kultury w Mi\u0144sku Silent Disco<span class=\"excerpt-hellip\"> [\u2026]<\/span><\/p>\n","protected":false},"author":1,"featured_media":0,"parent":0,"menu_order":0,"comment_status":"closed","ping_status":"closed","template":"","meta":{"_mo_disable_npp":"","footnotes":""},"class_list":["post-488","page","type-page","status-publish","hentry"],"yoast_head":"<!-- This site is optimized with the Yoast SEO plugin v26.7 - https:\/\/yoast.com\/wordpress\/plugins\/seo\/ -->\n<title>Silent Disco Fun Warsaw check our projects<\/title>\n<meta name=\"description\" content=\"Perfect organization of club and outdoor events, conferences, trainings and cinema under the stars with Silent Disco Fun\" \/>\n<meta name=\"robots\" content=\"index, follow, max-snippet:-1, max-image-preview:large, max-video-preview:-1\" \/>\n<link rel=\"canonical\" href=\"https:\/\/silentdisco.fun\/en\/portfolio\/\" \/>\n<meta property=\"og:locale\" content=\"en_US\" \/>\n<meta property=\"og:type\" content=\"article\" \/>\n<meta property=\"og:title\" content=\"Silent Disco Fun Warsaw check our projects\" \/>\n<meta property=\"og:description\" content=\"Perfect organization of club and outdoor events, conferences, trainings and cinema under the stars with Silent Disco Fun\" \/>\n<meta property=\"og:url\" content=\"https:\/\/silentdisco.fun\/en\/portfolio\/\" \/>\n<meta property=\"og:site_name\" content=\"Silent Disco Fun\" \/>\n<meta property=\"article:publisher\" content=\"https:\/\/www.facebook.com\/silentdisco.waw\" \/>\n<meta property=\"article:modified_time\" content=\"2025-07-31T19:47:06+00:00\" \/>\n<meta name=\"twitter:card\" content=\"summary_large_image\" \/>\n<script type=\"application\/ld+json\" class=\"yoast-schema-graph\">{\"@context\":\"https:\/\/schema.org\",\"@graph\":[{\"@type\":\"WebPage\",\"@id\":\"https:\/\/silentdisco.fun\/en\/portfolio\/\",\"url\":\"https:\/\/silentdisco.fun\/en\/portfolio\/\",\"name\":\"Silent Disco Fun Warsaw check our projects\",\"isPartOf\":{\"@id\":\"https:\/\/silentdisco.fun\/en\/#website\"},\"datePublished\":\"2023-12-02T18:54:10+00:00\",\"dateModified\":\"2025-07-31T19:47:06+00:00\",\"description\":\"Perfect organization of club and outdoor events, conferences, trainings and cinema under the stars with Silent Disco Fun\",\"breadcrumb\":{\"@id\":\"https:\/\/silentdisco.fun\/en\/portfolio\/#breadcrumb\"},\"inLanguage\":\"en-US\",\"potentialAction\":[{\"@type\":\"ReadAction\",\"target\":[\"https:\/\/silentdisco.fun\/en\/portfolio\/\"]}]},{\"@type\":\"BreadcrumbList\",\"@id\":\"https:\/\/silentdisco.fun\/en\/portfolio\/#breadcrumb\",\"itemListElement\":[{\"@type\":\"ListItem\",\"position\":1,\"name\":\"Strona g\u0142\u00f3wna\",\"item\":\"https:\/\/silentdisco.fun\/en\/\"},{\"@type\":\"ListItem\",\"position\":2,\"name\":\"Referencje\"}]},{\"@type\":\"WebSite\",\"@id\":\"https:\/\/silentdisco.fun\/en\/#website\",\"url\":\"https:\/\/silentdisco.fun\/en\/\",\"name\":\"Silent Disco Fun\",\"description\":\"Dobra Zabawa\",\"publisher\":{\"@id\":\"https:\/\/silentdisco.fun\/en\/#organization\"},\"potentialAction\":[{\"@type\":\"SearchAction\",\"target\":{\"@type\":\"EntryPoint\",\"urlTemplate\":\"https:\/\/silentdisco.fun\/en\/?s={search_term_string}\"},\"query-input\":{\"@type\":\"PropertyValueSpecification\",\"valueRequired\":true,\"valueName\":\"search_term_string\"}}],\"inLanguage\":\"en-US\"},{\"@type\":\"Organization\",\"@id\":\"https:\/\/silentdisco.fun\/en\/#organization\",\"name\":\"Silent Disco Fun\",\"url\":\"https:\/\/silentdisco.fun\/en\/\",\"logo\":{\"@type\":\"ImageObject\",\"inLanguage\":\"en-US\",\"@id\":\"https:\/\/silentdisco.fun\/en\/#\/schema\/logo\/image\/\",\"url\":\"https:\/\/silentdisco.fun\/wp-content\/uploads\/2023\/12\/favicon-512x512-k.png\",\"contentUrl\":\"https:\/\/silentdisco.fun\/wp-content\/uploads\/2023\/12\/favicon-512x512-k.png\",\"width\":512,\"height\":512,\"caption\":\"Silent Disco Fun\"},\"image\":{\"@id\":\"https:\/\/silentdisco.fun\/en\/#\/schema\/logo\/image\/\"},\"sameAs\":[\"https:\/\/www.facebook.com\/silentdisco.waw\",\"https:\/\/www.instagram.com\/silentdisco.waw\/\",\"https:\/\/www.tiktok.com\/@silent_disco_fun\"]}]}<\/script>\n<!-- \/ Yoast SEO plugin. -->","yoast_head_json":{"title":"Silent Disco Fun Warsaw check our projects","description":"Perfect organization of club and outdoor events, conferences, trainings and cinema under the stars with Silent Disco Fun","robots":{"index":"index","follow":"follow","max-snippet":"max-snippet:-1","max-image-preview":"max-image-preview:large","max-video-preview":"max-video-preview:-1"},"canonical":"https:\/\/silentdisco.fun\/en\/portfolio\/","og_locale":"en_US","og_type":"article","og_title":"Silent Disco Fun Warsaw check our projects","og_description":"Perfect organization of club and outdoor events, conferences, trainings and cinema under the stars with Silent Disco Fun","og_url":"https:\/\/silentdisco.fun\/en\/portfolio\/","og_site_name":"Silent Disco Fun","article_publisher":"https:\/\/www.facebook.com\/silentdisco.waw","article_modified_time":"2025-07-31T19:47:06+00:00","twitter_card":"summary_large_image","schema":{"@context":"https:\/\/schema.org","@graph":[{"@type":"WebPage","@id":"https:\/\/silentdisco.fun\/en\/portfolio\/","url":"https:\/\/silentdisco.fun\/en\/portfolio\/","name":"Silent Disco Fun Warsaw check our projects","isPartOf":{"@id":"https:\/\/silentdisco.fun\/en\/#website"},"datePublished":"2023-12-02T18:54:10+00:00","dateModified":"2025-07-31T19:47:06+00:00","description":"Perfect organization of club and outdoor events, conferences, trainings and cinema under the stars with Silent Disco Fun","breadcrumb":{"@id":"https:\/\/silentdisco.fun\/en\/portfolio\/#breadcrumb"},"inLanguage":"en-US","potentialAction":[{"@type":"ReadAction","target":["https:\/\/silentdisco.fun\/en\/portfolio\/"]}]},{"@type":"BreadcrumbList","@id":"https:\/\/silentdisco.fun\/en\/portfolio\/#breadcrumb","itemListElement":[{"@type":"ListItem","position":1,"name":"Strona g\u0142\u00f3wna","item":"https:\/\/silentdisco.fun\/en\/"},{"@type":"ListItem","position":2,"name":"Referencje"}]},{"@type":"WebSite","@id":"https:\/\/silentdisco.fun\/en\/#website","url":"https:\/\/silentdisco.fun\/en\/","name":"Silent Disco Fun","description":"Dobra Zabawa","publisher":{"@id":"https:\/\/silentdisco.fun\/en\/#organization"},"potentialAction":[{"@type":"SearchAction","target":{"@type":"EntryPoint","urlTemplate":"https:\/\/silentdisco.fun\/en\/?s={search_term_string}"},"query-input":{"@type":"PropertyValueSpecification","valueRequired":true,"valueName":"search_term_string"}}],"inLanguage":"en-US"},{"@type":"Organization","@id":"https:\/\/silentdisco.fun\/en\/#organization","name":"Silent Disco Fun","url":"https:\/\/silentdisco.fun\/en\/","logo":{"@type":"ImageObject","inLanguage":"en-US","@id":"https:\/\/silentdisco.fun\/en\/#\/schema\/logo\/image\/","url":"https:\/\/silentdisco.fun\/wp-content\/uploads\/2023\/12\/favicon-512x512-k.png","contentUrl":"https:\/\/silentdisco.fun\/wp-content\/uploads\/2023\/12\/favicon-512x512-k.png","width":512,"height":512,"caption":"Silent Disco Fun"},"image":{"@id":"https:\/\/silentdisco.fun\/en\/#\/schema\/logo\/image\/"},"sameAs":["https:\/\/www.facebook.com\/silentdisco.waw","https:\/\/www.instagram.com\/silentdisco.waw\/","https:\/\/www.tiktok.com\/@silent_disco_fun"]}]}},"_links":{"self":[{"href":"https:\/\/silentdisco.fun\/en\/wp-json\/wp\/v2\/pages\/488","targetHints":{"allow":["GET"]}}],"collection":[{"href":"https:\/\/silentdisco.fun\/en\/wp-json\/wp\/v2\/pages"}],"about":[{"href":"https:\/\/silentdisco.fun\/en\/wp-json\/wp\/v2\/types\/page"}],"author":[{"embeddable":true,"href":"https:\/\/silentdisco.fun\/en\/wp-json\/wp\/v2\/users\/1"}],"replies":[{"embeddable":true,"href":"https:\/\/silentdisco.fun\/en\/wp-json\/wp\/v2\/comments?post=488"}],"version-history":[{"count":4,"href":"https:\/\/silentdisco.fun\/en\/wp-json\/wp\/v2\/pages\/488\/revisions"}],"predecessor-version":[{"id":1445,"href":"https:\/\/silentdisco.fun\/en\/wp-json\/wp\/v2\/pages\/488\/revisions\/1445"}],"wp:attachment":[{"href":"https:\/\/silentdisco.fun\/en\/wp-json\/wp\/v2\/media?parent=488"}],"curies":[{"name":"wp","href":"https:\/\/api.w.org\/{rel}","templated":true}]}}