{"id":484,"date":"2019-12-17T15:22:08","date_gmt":"2019-12-17T15:22:08","guid":{"rendered":"https:\/\/silentdisco.fun\/contact\/"},"modified":"2024-10-28T19:52:10","modified_gmt":"2024-10-28T19:52:10","slug":"contact","status":"publish","type":"page","link":"https:\/\/silentdisco.fun\/en\/contact\/","title":{"rendered":"CONTACT"},"content":{"rendered":"\t\t<div data-elementor-type=\"wp-page\" data-elementor-id=\"484\" class=\"elementor elementor-484 elementor-93\">\n\t\t\t\t\t\t<section class=\"elementor-section elementor-top-section elementor-element elementor-element-28ddc9c elementor-section-stretched elementor-section-boxed elementor-section-height-default elementor-section-height-default\" data-id=\"28ddc9c\" data-element_type=\"section\" data-settings=\"{&quot;stretch_section&quot;:&quot;section-stretched&quot;,&quot;background_background&quot;:&quot;classic&quot;}\">\n\t\t\t\t\t\t<div class=\"elementor-container elementor-column-gap-wider\">\n\t\t\t\t\t<div class=\"elementor-column elementor-col-100 elementor-top-column elementor-element elementor-element-13fe524\" data-id=\"13fe524\" data-element_type=\"column\">\n\t\t\t<div class=\"elementor-widget-wrap elementor-element-populated\">\n\t\t\t\t\t\t<div class=\"elementor-element elementor-element-ad790b6 elementor-widget elementor-widget-text-editor\" data-id=\"ad790b6\" data-element_type=\"widget\" data-widget_type=\"text-editor.default\">\n\t\t\t\t<div class=\"elementor-widget-container\">\n\t\t\t\t\t\t\t\t\t<h3>Kuba<\/h3>\n<h4>Event Manager<\/h4>\n\t\t\t\t\t\t\t\t<\/div>\n\t\t\t\t<\/div>\n\t\t\t\t<section class=\"elementor-section elementor-inner-section elementor-element elementor-element-a70b773 elementor-section-boxed elementor-section-height-default elementor-section-height-default\" data-id=\"a70b773\" data-element_type=\"section\">\n\t\t\t\t\t\t<div class=\"elementor-container elementor-column-gap-default\">\n\t\t\t\t\t<div class=\"elementor-column elementor-col-33 elementor-inner-column elementor-element elementor-element-00687d6\" data-id=\"00687d6\" data-element_type=\"column\">\n\t\t\t<div class=\"elementor-widget-wrap elementor-element-populated\">\n\t\t\t\t\t\t<div class=\"elementor-element elementor-element-9fcaef6 elementor-widget elementor-widget-text-editor\" data-id=\"9fcaef6\" data-element_type=\"widget\" data-widget_type=\"text-editor.default\">\n\t\t\t\t<div class=\"elementor-widget-container\">\n\t\t\t\t\t\t\t\t\t<h6 class=\"themecolor\">ADRESS<\/h6>\n<p>Aleja Prymasa Tysi\u0105clecia 46<br \/>01-242 Warszawa<\/p>\n\t\t\t\t\t\t\t\t<\/div>\n\t\t\t\t<\/div>\n\t\t\t\t\t<\/div>\n\t\t<\/div>\n\t\t\t\t<div class=\"elementor-column elementor-col-33 elementor-inner-column elementor-element elementor-element-aea5999\" data-id=\"aea5999\" data-element_type=\"column\">\n\t\t\t<div class=\"elementor-widget-wrap elementor-element-populated\">\n\t\t\t\t\t\t<div class=\"elementor-element elementor-element-dcd7480 elementor-widget elementor-widget-text-editor\" data-id=\"dcd7480\" data-element_type=\"widget\" data-widget_type=\"text-editor.default\">\n\t\t\t\t<div class=\"elementor-widget-container\">\n\t\t\t\t\t\t\t\t\t<h6 class=\"themecolor\">PHONE<\/h6>\n<p>+48 791 742 909<\/p>\n\t\t\t\t\t\t\t\t<\/div>\n\t\t\t\t<\/div>\n\t\t\t\t\t<\/div>\n\t\t<\/div>\n\t\t\t\t<div class=\"elementor-column elementor-col-33 elementor-inner-column elementor-element elementor-element-308df92\" data-id=\"308df92\" data-element_type=\"column\">\n\t\t\t<div class=\"elementor-widget-wrap elementor-element-populated\">\n\t\t\t\t\t\t<div class=\"elementor-element elementor-element-5641983 elementor-widget elementor-widget-text-editor\" data-id=\"5641983\" data-element_type=\"widget\" data-widget_type=\"text-editor.default\">\n\t\t\t\t<div class=\"elementor-widget-container\">\n\t\t\t\t\t\t\t\t\t<div><h6 class=\"themecolor\">E-MAIL<\/h6>\n\n\n\n\t<title>Hyperlink Generator<\/title>\n\t<style>\n\t\ta:link,a:visited {\n\t\t\tcolor: #ffffff;\n\t\t\ttext-decoration: none;\n\t\t}\n\t\ta:hover {\n\t\t\tcolor: #ffd100;\n\t\t\ttext-decoration: none;\n\t\t}\n\t<\/style>\n\n\n\t<a href=\"mailto:hello@silentdisco.fun\">hello@silentdisco.fun<\/a>\n\n<\/div>\t\t\t\t\t\t\t\t<\/div>\n\t\t\t\t<\/div>\n\t\t\t\t\t<\/div>\n\t\t<\/div>\n\t\t\t\t\t<\/div>\n\t\t<\/section>\n\t\t\t\t<section class=\"elementor-section elementor-inner-section elementor-element elementor-element-06541ec elementor-section-boxed elementor-section-height-default elementor-section-height-default\" data-id=\"06541ec\" data-element_type=\"section\">\n\t\t\t\t\t\t<div class=\"elementor-container elementor-column-gap-default\">\n\t\t\t\t\t<div class=\"elementor-column elementor-col-50 elementor-inner-column elementor-element elementor-element-ccee973\" data-id=\"ccee973\" data-element_type=\"column\">\n\t\t\t<div class=\"elementor-widget-wrap elementor-element-populated\">\n\t\t\t\t\t\t<div class=\"elementor-element elementor-element-ae2057e elementor-widget elementor-widget-image\" data-id=\"ae2057e\" data-element_type=\"widget\" data-widget_type=\"image.default\">\n\t\t\t\t<div class=\"elementor-widget-container\">\n\t\t\t\t\t\t\t\t\t\t\t\t\t\t\t<img fetchpriority=\"high\" decoding=\"async\" width=\"780\" height=\"390\" src=\"https:\/\/silentdisco.fun\/wp-content\/uploads\/2024\/10\/kontakt-1-780x390-k.webp\" class=\"attachment-large size-large wp-image-1304\" alt=\"Silent Disco najlepsza impreza nad wis\u0142\u0105\" srcset=\"https:\/\/silentdisco.fun\/wp-content\/uploads\/2024\/10\/kontakt-1-780x390-k.webp 780w, https:\/\/silentdisco.fun\/wp-content\/uploads\/2024\/10\/kontakt-1-780x390-k-500x250.webp 500w, https:\/\/silentdisco.fun\/wp-content\/uploads\/2024\/10\/kontakt-1-780x390-k-300x150.webp 300w, https:\/\/silentdisco.fun\/wp-content\/uploads\/2024\/10\/kontakt-1-780x390-k-768x384.webp 768w, https:\/\/silentdisco.fun\/wp-content\/uploads\/2024\/10\/kontakt-1-780x390-k-150x75.webp 150w, https:\/\/silentdisco.fun\/wp-content\/uploads\/2024\/10\/kontakt-1-780x390-k-480x240.webp 480w\" sizes=\"(max-width:767px) 480px, (max-width:780px) 100vw, 780px\" \/>\t\t\t\t\t\t\t\t\t\t\t\t\t\t\t<\/div>\n\t\t\t\t<\/div>\n\t\t\t\t\t<\/div>\n\t\t<\/div>\n\t\t\t\t<div class=\"elementor-column elementor-col-50 elementor-inner-column elementor-element elementor-element-96ccaeb\" data-id=\"96ccaeb\" data-element_type=\"column\">\n\t\t\t<div class=\"elementor-widget-wrap elementor-element-populated\">\n\t\t\t\t\t\t<div class=\"elementor-element elementor-element-23ff75b elementor-widget elementor-widget-image\" data-id=\"23ff75b\" data-element_type=\"widget\" data-widget_type=\"image.default\">\n\t\t\t\t<div class=\"elementor-widget-container\">\n\t\t\t\t\t\t\t\t\t\t\t\t\t\t\t<img decoding=\"async\" width=\"780\" height=\"390\" src=\"https:\/\/silentdisco.fun\/wp-content\/uploads\/2024\/10\/kontakt-2-780x390-k.webp\" class=\"attachment-large size-large wp-image-1306\" alt=\"Silent Disco najlepsza impreza w Warszawie\" srcset=\"https:\/\/silentdisco.fun\/wp-content\/uploads\/2024\/10\/kontakt-2-780x390-k.webp 780w, https:\/\/silentdisco.fun\/wp-content\/uploads\/2024\/10\/kontakt-2-780x390-k-500x250.webp 500w, https:\/\/silentdisco.fun\/wp-content\/uploads\/2024\/10\/kontakt-2-780x390-k-300x150.webp 300w, https:\/\/silentdisco.fun\/wp-content\/uploads\/2024\/10\/kontakt-2-780x390-k-768x384.webp 768w, https:\/\/silentdisco.fun\/wp-content\/uploads\/2024\/10\/kontakt-2-780x390-k-150x75.webp 150w, https:\/\/silentdisco.fun\/wp-content\/uploads\/2024\/10\/kontakt-2-780x390-k-480x240.webp 480w\" sizes=\"(max-width:767px) 480px, (max-width:780px) 100vw, 780px\" \/>\t\t\t\t\t\t\t\t\t\t\t\t\t\t\t<\/div>\n\t\t\t\t<\/div>\n\t\t\t\t\t<\/div>\n\t\t<\/div>\n\t\t\t\t\t<\/div>\n\t\t<\/section>\n\t\t\t\t<section class=\"elementor-section elementor-inner-section elementor-element elementor-element-053fcad elementor-section-boxed elementor-section-height-default elementor-section-height-default\" data-id=\"053fcad\" data-element_type=\"section\" data-settings=\"{&quot;background_background&quot;:&quot;classic&quot;}\">\n\t\t\t\t\t\t<div class=\"elementor-container elementor-column-gap-default\">\n\t\t\t\t\t<div class=\"elementor-column elementor-col-100 elementor-inner-column elementor-element elementor-element-c386191\" data-id=\"c386191\" data-element_type=\"column\">\n\t\t\t<div class=\"elementor-widget-wrap elementor-element-populated\">\n\t\t\t\t\t\t<div class=\"elementor-element elementor-element-29b5f1d elementor-widget elementor-widget-text-editor\" data-id=\"29b5f1d\" data-element_type=\"widget\" data-widget_type=\"text-editor.default\">\n\t\t\t\t<div class=\"elementor-widget-container\">\n\t\t\t\t\t\t\t\t\t<h3>Send a message<\/h3>\n\t\t\t\t\t\t\t\t<\/div>\n\t\t\t\t<\/div>\n\t\t\t\t<div class=\"elementor-element elementor-element-328442d elementor-widget elementor-widget-shortcode\" data-id=\"328442d\" data-element_type=\"widget\" data-widget_type=\"shortcode.default\">\n\t\t\t\t<div class=\"elementor-widget-container\">\n\t\t\t\t\t\t\t<div class=\"elementor-shortcode\"><div style=\"text-align:center;\"> \n<div class=\"wpcf7 no-js\" id=\"wpcf7-f527-o1\" lang=\"en-US\" dir=\"ltr\" data-wpcf7-id=\"527\">\n<div class=\"screen-reader-response\"><p role=\"status\" aria-live=\"polite\" aria-atomic=\"true\"><\/p> <ul><\/ul><\/div>\n<form action=\"\/en\/wp-json\/wp\/v2\/pages\/484#wpcf7-f527-o1\" method=\"post\" class=\"wpcf7-form init\" aria-label=\"Contact form\" novalidate=\"novalidate\" data-status=\"init\">\n<fieldset class=\"hidden-fields-container\"><input type=\"hidden\" name=\"_wpcf7\" value=\"527\" \/><input type=\"hidden\" name=\"_wpcf7_version\" value=\"6.1.4\" \/><input type=\"hidden\" name=\"_wpcf7_locale\" value=\"en_US\" \/><input type=\"hidden\" name=\"_wpcf7_unit_tag\" value=\"wpcf7-f527-o1\" \/><input type=\"hidden\" name=\"_wpcf7_container_post\" value=\"0\" \/><input type=\"hidden\" name=\"_wpcf7_posted_data_hash\" value=\"\" \/><input type=\"hidden\" name=\"_wpcf7_recaptcha_response\" value=\"\" \/>\n<\/fieldset>\n<div class=\"column one-second\">\n\t<p><span class=\"wpcf7-form-control-wrap\" data-name=\"your-name\"><input size=\"40\" maxlength=\"400\" class=\"wpcf7-form-control wpcf7-text wpcf7-validates-as-required\" aria-required=\"true\" aria-invalid=\"false\" placeholder=\"Your Name (mandatory field)\" value=\"\" type=\"text\" name=\"your-name\" \/><\/span>\n\t<\/p>\n<\/div>\n<div class=\"column one-second\">\n\t<p><span class=\"wpcf7-form-control-wrap\" data-name=\"your-email\"><input size=\"40\" maxlength=\"400\" class=\"wpcf7-form-control wpcf7-email wpcf7-validates-as-required wpcf7-text wpcf7-validates-as-email\" aria-required=\"true\" aria-invalid=\"false\" placeholder=\"Your e-mail (mandatory field)\" value=\"\" type=\"email\" name=\"your-email\" \/><\/span>\n\t<\/p>\n<\/div>\n<div class=\"column one\">\n\t<p><span class=\"wpcf7-form-control-wrap\" data-name=\"your-subject\"><input size=\"40\" maxlength=\"400\" class=\"wpcf7-form-control wpcf7-text\" aria-invalid=\"false\" placeholder=\"Topic\" value=\"\" type=\"text\" name=\"your-subject\" \/><\/span>\n\t<\/p>\n<\/div>\n<div class=\"column one\">\n\t<p><span class=\"wpcf7-form-control-wrap\" data-name=\"your-message\"><textarea cols=\"40\" rows=\"6\" maxlength=\"2000\" class=\"wpcf7-form-control wpcf7-textarea\" aria-invalid=\"false\" placeholder=\"Your Message\" name=\"your-message\"><\/textarea><\/span>\n\t<\/p>\n<\/div>\n<div class=\"column one\">\n\t<p><input class=\"wpcf7-form-control wpcf7-submit has-spinner\" type=\"submit\" value=\"Wy\u015blij wiadomo\u015b\u0107\" \/>\n\t<\/p>\n<\/div><div class=\"wpcf7-response-output\" aria-hidden=\"true\"><\/div>\n<\/form>\n<\/div>\n<\/div>\n\t\t\t\t\t\t<\/div>\n\t\t\t\t<\/div>\n\t\t\t\t<div class=\"elementor-element elementor-element-15165cf elementor-widget elementor-widget-text-editor\" data-id=\"15165cf\" data-element_type=\"widget\" data-widget_type=\"text-editor.default\">\n\t\t\t\t<div class=\"elementor-widget-container\">\n\t\t\t\t\t\t\t\t\t<p>The administrator of the data provided in the above form is Silent Disco Fun with its registered office in Olsztyn, ul. Towarowa 20b. The data is processed in order to handle correspondence, for the period necessary to examine the presented case. Providing data is voluntary, but also necessary to establish contact using the contact form. More information on the processing of personal data at Silent Disco Fun can be found in ourj <a href=\"https:\/\/silentdisco.fun\/?page_id=3\">Privacy Policy<\/a>.<\/p>\n\t\t\t\t\t\t\t\t<\/div>\n\t\t\t\t<\/div>\n\t\t\t\t\t<\/div>\n\t\t<\/div>\n\t\t\t\t\t<\/div>\n\t\t<\/section>\n\t\t\t\t\t<\/div>\n\t\t<\/div>\n\t\t\t\t\t<\/div>\n\t\t<\/section>\n\t\t\t\t<section class=\"elementor-section elementor-top-section elementor-element elementor-element-d2bf99d elementor-section-stretched elementor-section-boxed elementor-section-height-default elementor-section-height-default\" data-id=\"d2bf99d\" data-element_type=\"section\" data-settings=\"{&quot;stretch_section&quot;:&quot;section-stretched&quot;,&quot;background_background&quot;:&quot;classic&quot;}\">\n\t\t\t\t\t\t<div class=\"elementor-container elementor-column-gap-wider\">\n\t\t\t\t\t<div class=\"elementor-column elementor-col-100 elementor-top-column elementor-element elementor-element-0d84e50\" data-id=\"0d84e50\" data-element_type=\"column\">\n\t\t\t<div class=\"elementor-widget-wrap elementor-element-populated\">\n\t\t\t\t\t\t<section class=\"elementor-section elementor-inner-section elementor-element elementor-element-5a393d7 elementor-section-boxed elementor-section-height-default elementor-section-height-default\" data-id=\"5a393d7\" data-element_type=\"section\">\n\t\t\t\t\t\t<div class=\"elementor-container elementor-column-gap-default\">\n\t\t\t\t\t<div class=\"elementor-column elementor-col-33 elementor-inner-column elementor-element elementor-element-9f1c9e5\" data-id=\"9f1c9e5\" data-element_type=\"column\">\n\t\t\t<div class=\"elementor-widget-wrap elementor-element-populated\">\n\t\t\t\t\t\t<div class=\"elementor-element elementor-element-baa0a6f elementor-widget elementor-widget-image\" data-id=\"baa0a6f\" data-element_type=\"widget\" data-widget_type=\"image.default\">\n\t\t\t\t<div class=\"elementor-widget-container\">\n\t\t\t\t\t\t\t\t\t\t\t\t\t\t\t<img decoding=\"async\" width=\"48\" height=\"48\" src=\"https:\/\/silentdisco.fun\/wp-content\/uploads\/2023\/12\/headphones1-48x48-1.png\" class=\"attachment-large size-large wp-image-222\" alt=\"\" \/>\t\t\t\t\t\t\t\t\t\t\t\t\t\t\t<\/div>\n\t\t\t\t<\/div>\n\t\t\t\t<div class=\"elementor-element elementor-element-480618d elementor-widget elementor-widget-text-editor\" data-id=\"480618d\" data-element_type=\"widget\" data-widget_type=\"text-editor.default\">\n\t\t\t\t<div class=\"elementor-widget-container\">\n\t\t\t\t\t\t\t\t\t<h6>2000 PAIRS OF HEADPHONES<\/h6>\n\t\t\t\t\t\t\t\t<\/div>\n\t\t\t\t<\/div>\n\t\t\t\t\t<\/div>\n\t\t<\/div>\n\t\t\t\t<div class=\"elementor-column elementor-col-33 elementor-inner-column elementor-element elementor-element-9ea188d\" data-id=\"9ea188d\" data-element_type=\"column\">\n\t\t\t<div class=\"elementor-widget-wrap elementor-element-populated\">\n\t\t\t\t\t\t<div class=\"elementor-element elementor-element-9cfeaa9 elementor-widget elementor-widget-image\" data-id=\"9cfeaa9\" data-element_type=\"widget\" data-widget_type=\"image.default\">\n\t\t\t\t<div class=\"elementor-widget-container\">\n\t\t\t\t\t\t\t\t\t\t\t\t\t\t\t<img loading=\"lazy\" decoding=\"async\" width=\"48\" height=\"48\" src=\"https:\/\/silentdisco.fun\/wp-content\/uploads\/2023\/12\/dj1-48x48-1.png\" class=\"attachment-large size-large wp-image-223\" alt=\"\" \/>\t\t\t\t\t\t\t\t\t\t\t\t\t\t\t<\/div>\n\t\t\t\t<\/div>\n\t\t\t\t<div class=\"elementor-element elementor-element-a41c794 elementor-widget elementor-widget-text-editor\" data-id=\"a41c794\" data-element_type=\"widget\" data-widget_type=\"text-editor.default\">\n\t\t\t\t<div class=\"elementor-widget-container\">\n\t\t\t\t\t\t\t\t\t<h6>POPULAR DJs<\/h6>\n\t\t\t\t\t\t\t\t<\/div>\n\t\t\t\t<\/div>\n\t\t\t\t\t<\/div>\n\t\t<\/div>\n\t\t\t\t<div class=\"elementor-column elementor-col-33 elementor-inner-column elementor-element elementor-element-931d6b5\" data-id=\"931d6b5\" data-element_type=\"column\">\n\t\t\t<div class=\"elementor-widget-wrap elementor-element-populated\">\n\t\t\t\t\t\t<div class=\"elementor-element elementor-element-d53375c elementor-widget elementor-widget-image\" data-id=\"d53375c\" data-element_type=\"widget\" data-widget_type=\"image.default\">\n\t\t\t\t<div class=\"elementor-widget-container\">\n\t\t\t\t\t\t\t\t\t\t\t\t\t\t\t<img loading=\"lazy\" decoding=\"async\" width=\"48\" height=\"48\" src=\"https:\/\/silentdisco.fun\/wp-content\/uploads\/2023\/12\/party1-48x48-1.png\" class=\"attachment-large size-large wp-image-224\" alt=\"\" \/>\t\t\t\t\t\t\t\t\t\t\t\t\t\t\t<\/div>\n\t\t\t\t<\/div>\n\t\t\t\t<div class=\"elementor-element elementor-element-adc0a7d elementor-widget elementor-widget-text-editor\" data-id=\"adc0a7d\" data-element_type=\"widget\" data-widget_type=\"text-editor.default\">\n\t\t\t\t<div class=\"elementor-widget-container\">\n\t\t\t\t\t\t\t\t\t<h6>301 EVENTS<\/h6>\n\t\t\t\t\t\t\t\t<\/div>\n\t\t\t\t<\/div>\n\t\t\t\t\t<\/div>\n\t\t<\/div>\n\t\t\t\t\t<\/div>\n\t\t<\/section>\n\t\t\t\t\t<\/div>\n\t\t<\/div>\n\t\t\t\t\t<\/div>\n\t\t<\/section>\n\t\t<div class=\"elementor-element elementor-element-a234948 e-flex e-con-boxed e-con e-parent\" data-id=\"a234948\" data-element_type=\"container\">\n\t\t\t\t\t<div class=\"e-con-inner\">\n\t\t\t\t\t<\/div>\n\t\t\t\t<\/div>\n\t\t\t\t<\/div>\n\t\t","protected":false},"excerpt":{"rendered":"<p>Kuba Event Manager ADRESS Aleja Prymasa Tysi\u0105clecia 4601-242 Warszawa PHONE +48 791 742 909 E-MAIL Hyperlink Generator hello@silentdisco.fun Send a message The administrator of the data<span class=\"excerpt-hellip\"> [\u2026]<\/span><\/p>\n","protected":false},"author":1,"featured_media":1361,"parent":0,"menu_order":0,"comment_status":"open","ping_status":"closed","template":"","meta":{"_mo_disable_npp":"","footnotes":""},"class_list":["post-484","page","type-page","status-publish","has-post-thumbnail","hentry"],"yoast_head":"<!-- This site is optimized with the Yoast SEO plugin v26.7 - https:\/\/yoast.com\/wordpress\/plugins\/seo\/ -->\n<title>Silent Disco Fun Warsaw Contact<\/title>\n<meta name=\"description\" content=\"Find out more about Silent Disco Party and contact us. We will answer all your questions about the party on headphones\" \/>\n<meta name=\"robots\" content=\"index, follow, max-snippet:-1, max-image-preview:large, max-video-preview:-1\" \/>\n<link rel=\"canonical\" href=\"https:\/\/silentdisco.fun\/en\/contact\/\" \/>\n<meta property=\"og:locale\" content=\"en_US\" \/>\n<meta property=\"og:type\" content=\"article\" \/>\n<meta property=\"og:title\" content=\"Silent Disco Fun Warsaw Contact\" \/>\n<meta property=\"og:description\" content=\"Find out more about Silent Disco Party and contact us. We will answer all your questions about the party on headphones\" \/>\n<meta property=\"og:url\" content=\"https:\/\/silentdisco.fun\/en\/contact\/\" \/>\n<meta property=\"og:site_name\" content=\"Silent Disco Fun\" \/>\n<meta property=\"article:publisher\" content=\"https:\/\/www.facebook.com\/silentdisco.waw\" \/>\n<meta property=\"article:modified_time\" content=\"2024-10-28T19:52:10+00:00\" \/>\n<meta property=\"og:image\" content=\"https:\/\/silentdisco.fun\/wp-content\/uploads\/2024\/10\/header23-1-1920x800-k.webp\" \/>\n\t<meta property=\"og:image:width\" content=\"1920\" \/>\n\t<meta property=\"og:image:height\" content=\"800\" \/>\n\t<meta property=\"og:image:type\" content=\"image\/webp\" \/>\n<meta name=\"twitter:card\" content=\"summary_large_image\" \/>\n<meta name=\"twitter:label1\" content=\"Est. reading time\" \/>\n\t<meta name=\"twitter:data1\" content=\"1 minute\" \/>\n<script type=\"application\/ld+json\" class=\"yoast-schema-graph\">{\"@context\":\"https:\/\/schema.org\",\"@graph\":[{\"@type\":\"WebPage\",\"@id\":\"https:\/\/silentdisco.fun\/en\/contact\/\",\"url\":\"https:\/\/silentdisco.fun\/en\/contact\/\",\"name\":\"Silent Disco Fun Warsaw Contact\",\"isPartOf\":{\"@id\":\"https:\/\/silentdisco.fun\/en\/#website\"},\"primaryImageOfPage\":{\"@id\":\"https:\/\/silentdisco.fun\/en\/contact\/#primaryimage\"},\"image\":{\"@id\":\"https:\/\/silentdisco.fun\/en\/contact\/#primaryimage\"},\"thumbnailUrl\":\"https:\/\/silentdisco.fun\/wp-content\/uploads\/2024\/10\/header23-1-1920x800-k.webp\",\"datePublished\":\"2019-12-17T15:22:08+00:00\",\"dateModified\":\"2024-10-28T19:52:10+00:00\",\"description\":\"Find out more about Silent Disco Party and contact us. We will answer all your questions about the party on headphones\",\"breadcrumb\":{\"@id\":\"https:\/\/silentdisco.fun\/en\/contact\/#breadcrumb\"},\"inLanguage\":\"en-US\",\"potentialAction\":[{\"@type\":\"ReadAction\",\"target\":[\"https:\/\/silentdisco.fun\/en\/contact\/\"]}]},{\"@type\":\"ImageObject\",\"inLanguage\":\"en-US\",\"@id\":\"https:\/\/silentdisco.fun\/en\/contact\/#primaryimage\",\"url\":\"https:\/\/silentdisco.fun\/wp-content\/uploads\/2024\/10\/header23-1-1920x800-k.webp\",\"contentUrl\":\"https:\/\/silentdisco.fun\/wp-content\/uploads\/2024\/10\/header23-1-1920x800-k.webp\",\"width\":1920,\"height\":800,\"caption\":\"Silent Disco - kontakt\"},{\"@type\":\"BreadcrumbList\",\"@id\":\"https:\/\/silentdisco.fun\/en\/contact\/#breadcrumb\",\"itemListElement\":[{\"@type\":\"ListItem\",\"position\":1,\"name\":\"Strona g\u0142\u00f3wna\",\"item\":\"https:\/\/silentdisco.fun\/en\/\"},{\"@type\":\"ListItem\",\"position\":2,\"name\":\"CONTACT\"}]},{\"@type\":\"WebSite\",\"@id\":\"https:\/\/silentdisco.fun\/en\/#website\",\"url\":\"https:\/\/silentdisco.fun\/en\/\",\"name\":\"Silent Disco Fun\",\"description\":\"Dobra Zabawa\",\"publisher\":{\"@id\":\"https:\/\/silentdisco.fun\/en\/#organization\"},\"potentialAction\":[{\"@type\":\"SearchAction\",\"target\":{\"@type\":\"EntryPoint\",\"urlTemplate\":\"https:\/\/silentdisco.fun\/en\/?s={search_term_string}\"},\"query-input\":{\"@type\":\"PropertyValueSpecification\",\"valueRequired\":true,\"valueName\":\"search_term_string\"}}],\"inLanguage\":\"en-US\"},{\"@type\":\"Organization\",\"@id\":\"https:\/\/silentdisco.fun\/en\/#organization\",\"name\":\"Silent Disco Fun\",\"url\":\"https:\/\/silentdisco.fun\/en\/\",\"logo\":{\"@type\":\"ImageObject\",\"inLanguage\":\"en-US\",\"@id\":\"https:\/\/silentdisco.fun\/en\/#\/schema\/logo\/image\/\",\"url\":\"https:\/\/silentdisco.fun\/wp-content\/uploads\/2023\/12\/favicon-512x512-k.png\",\"contentUrl\":\"https:\/\/silentdisco.fun\/wp-content\/uploads\/2023\/12\/favicon-512x512-k.png\",\"width\":512,\"height\":512,\"caption\":\"Silent Disco Fun\"},\"image\":{\"@id\":\"https:\/\/silentdisco.fun\/en\/#\/schema\/logo\/image\/\"},\"sameAs\":[\"https:\/\/www.facebook.com\/silentdisco.waw\",\"https:\/\/www.instagram.com\/silentdisco.waw\/\",\"https:\/\/www.tiktok.com\/@silent_disco_fun\"]}]}<\/script>\n<!-- \/ Yoast SEO plugin. -->","yoast_head_json":{"title":"Silent Disco Fun Warsaw Contact","description":"Find out more about Silent Disco Party and contact us. We will answer all your questions about the party on headphones","robots":{"index":"index","follow":"follow","max-snippet":"max-snippet:-1","max-image-preview":"max-image-preview:large","max-video-preview":"max-video-preview:-1"},"canonical":"https:\/\/silentdisco.fun\/en\/contact\/","og_locale":"en_US","og_type":"article","og_title":"Silent Disco Fun Warsaw Contact","og_description":"Find out more about Silent Disco Party and contact us. We will answer all your questions about the party on headphones","og_url":"https:\/\/silentdisco.fun\/en\/contact\/","og_site_name":"Silent Disco Fun","article_publisher":"https:\/\/www.facebook.com\/silentdisco.waw","article_modified_time":"2024-10-28T19:52:10+00:00","og_image":[{"width":1920,"height":800,"url":"https:\/\/silentdisco.fun\/wp-content\/uploads\/2024\/10\/header23-1-1920x800-k.webp","type":"image\/webp"}],"twitter_card":"summary_large_image","twitter_misc":{"Est. reading time":"1 minute"},"schema":{"@context":"https:\/\/schema.org","@graph":[{"@type":"WebPage","@id":"https:\/\/silentdisco.fun\/en\/contact\/","url":"https:\/\/silentdisco.fun\/en\/contact\/","name":"Silent Disco Fun Warsaw Contact","isPartOf":{"@id":"https:\/\/silentdisco.fun\/en\/#website"},"primaryImageOfPage":{"@id":"https:\/\/silentdisco.fun\/en\/contact\/#primaryimage"},"image":{"@id":"https:\/\/silentdisco.fun\/en\/contact\/#primaryimage"},"thumbnailUrl":"https:\/\/silentdisco.fun\/wp-content\/uploads\/2024\/10\/header23-1-1920x800-k.webp","datePublished":"2019-12-17T15:22:08+00:00","dateModified":"2024-10-28T19:52:10+00:00","description":"Find out more about Silent Disco Party and contact us. We will answer all your questions about the party on headphones","breadcrumb":{"@id":"https:\/\/silentdisco.fun\/en\/contact\/#breadcrumb"},"inLanguage":"en-US","potentialAction":[{"@type":"ReadAction","target":["https:\/\/silentdisco.fun\/en\/contact\/"]}]},{"@type":"ImageObject","inLanguage":"en-US","@id":"https:\/\/silentdisco.fun\/en\/contact\/#primaryimage","url":"https:\/\/silentdisco.fun\/wp-content\/uploads\/2024\/10\/header23-1-1920x800-k.webp","contentUrl":"https:\/\/silentdisco.fun\/wp-content\/uploads\/2024\/10\/header23-1-1920x800-k.webp","width":1920,"height":800,"caption":"Silent Disco - kontakt"},{"@type":"BreadcrumbList","@id":"https:\/\/silentdisco.fun\/en\/contact\/#breadcrumb","itemListElement":[{"@type":"ListItem","position":1,"name":"Strona g\u0142\u00f3wna","item":"https:\/\/silentdisco.fun\/en\/"},{"@type":"ListItem","position":2,"name":"CONTACT"}]},{"@type":"WebSite","@id":"https:\/\/silentdisco.fun\/en\/#website","url":"https:\/\/silentdisco.fun\/en\/","name":"Silent Disco Fun","description":"Dobra Zabawa","publisher":{"@id":"https:\/\/silentdisco.fun\/en\/#organization"},"potentialAction":[{"@type":"SearchAction","target":{"@type":"EntryPoint","urlTemplate":"https:\/\/silentdisco.fun\/en\/?s={search_term_string}"},"query-input":{"@type":"PropertyValueSpecification","valueRequired":true,"valueName":"search_term_string"}}],"inLanguage":"en-US"},{"@type":"Organization","@id":"https:\/\/silentdisco.fun\/en\/#organization","name":"Silent Disco Fun","url":"https:\/\/silentdisco.fun\/en\/","logo":{"@type":"ImageObject","inLanguage":"en-US","@id":"https:\/\/silentdisco.fun\/en\/#\/schema\/logo\/image\/","url":"https:\/\/silentdisco.fun\/wp-content\/uploads\/2023\/12\/favicon-512x512-k.png","contentUrl":"https:\/\/silentdisco.fun\/wp-content\/uploads\/2023\/12\/favicon-512x512-k.png","width":512,"height":512,"caption":"Silent Disco Fun"},"image":{"@id":"https:\/\/silentdisco.fun\/en\/#\/schema\/logo\/image\/"},"sameAs":["https:\/\/www.facebook.com\/silentdisco.waw","https:\/\/www.instagram.com\/silentdisco.waw\/","https:\/\/www.tiktok.com\/@silent_disco_fun"]}]}},"_links":{"self":[{"href":"https:\/\/silentdisco.fun\/en\/wp-json\/wp\/v2\/pages\/484","targetHints":{"allow":["GET"]}}],"collection":[{"href":"https:\/\/silentdisco.fun\/en\/wp-json\/wp\/v2\/pages"}],"about":[{"href":"https:\/\/silentdisco.fun\/en\/wp-json\/wp\/v2\/types\/page"}],"author":[{"embeddable":true,"href":"https:\/\/silentdisco.fun\/en\/wp-json\/wp\/v2\/users\/1"}],"replies":[{"embeddable":true,"href":"https:\/\/silentdisco.fun\/en\/wp-json\/wp\/v2\/comments?post=484"}],"version-history":[{"count":17,"href":"https:\/\/silentdisco.fun\/en\/wp-json\/wp\/v2\/pages\/484\/revisions"}],"predecessor-version":[{"id":1311,"href":"https:\/\/silentdisco.fun\/en\/wp-json\/wp\/v2\/pages\/484\/revisions\/1311"}],"wp:featuredmedia":[{"embeddable":true,"href":"https:\/\/silentdisco.fun\/en\/wp-json\/wp\/v2\/media\/1361"}],"wp:attachment":[{"href":"https:\/\/silentdisco.fun\/en\/wp-json\/wp\/v2\/media?parent=484"}],"curies":[{"name":"wp","href":"https:\/\/api.w.org\/{rel}","templated":true}]}}